{"id":1024,"date":"2019-02-18T16:19:33","date_gmt":"2019-02-18T19:19:33","guid":{"rendered":"https:\/\/www.robertonovaes.com.br\/?page_id=1024"},"modified":"2019-10-08T13:52:31","modified_gmt":"2019-10-08T16:52:31","slug":"jurimetria-e-analise-estatistica-do-direito-na-pratica","status":"publish","type":"page","link":"https:\/\/www.robertonovaes.com.br\/index.php\/jurimetria-e-analise-estatistica-do-direito-na-pratica\/","title":{"rendered":"Jurimetria e An\u00e1lise Estat\u00edstica do Direito na Pr\u00e1tica"},"content":{"rendered":"<p><\/p>\n\n\n<h2 class=\"wp-block-heading\">Aten\u00e7\u00e3o: essa disciplina foi oferecida em 2019\/01. N\u00e3o ser\u00e1 ofertada em 2019\/02.<\/h2>\n\n\n\n<h2 class=\"wp-block-heading\">Sobre a Disciplina<\/h2>\n\n\n\n<h3 class=\"wp-block-heading\">O que toda pessoa deveria saber diante de um processo:<\/h3>\n\n\n\n<ul class=\"wp-block-list\"><li>Qual minha chance de \u00eaxito?<\/li><li>Quanto tempo vai demorar?<\/li><li>Quanto vai custar este processo?<\/li><li>Quanto posso perder se condenado?<\/li><li>Vale a pena fazer um acordo? Por quanto?<\/li><li>Qual o melhor advogado para esta causa?<\/li><li>Qual o melhor argumento a ser usado?<\/li><li>Qual o argumento a ser usado com este juiz?<\/li><\/ul>\n\n\n\n<h3 class=\"wp-block-heading\">O que todo legislador deveria saber diante dos problemas sociais:<\/h3>\n\n\n\n<ul class=\"wp-block-list\"><li>Esta altera\u00e7\u00e3o legal modificar\u00e1 o comportamento social ou tudo continuar\u00e1 como antes?<\/li><li>Esta norma vai ter efic\u00e1cia ou n\u00e3o &#8211; &#8220;esta lei pega ou n\u00e3o pega&#8221;?<\/li><li>Quais s\u00e3o os custos administrativos e sociais desta norma?<\/li><li>A criminalidade se reduzir\u00e1 ou aumentar\u00e1?<\/li><li>As empresas aumentar\u00e3o suas atividades ou neg\u00f3cios ser\u00e3o fechados?<\/li><li>A arrecada\u00e7\u00e3o ir\u00e1 aumentar ou diminuir?<\/li><li>As pessoas estar\u00e3o mais seguras ou correr\u00e3o mais riscos ao celebrarem este tipo de contrato?<\/li><\/ul>\n\n\n\n<p class=\"wp-block-paragraph\">Estas perguntas podem ser respondidas conceitualmente, ideologicamente ou podemos recorrer ao Direito Comparado. Entretanto, todas estas respostas estar\u00e3o incompletas sem a medi\u00e7\u00e3o da vida social.<\/p>\n\n\n\n<p class=\"wp-block-paragraph\">A Jurimetria \u00e9 a aplica\u00e7\u00e3o de m\u00e9todos estat\u00edsticos e num\u00e9ricos \u00e0 realidade Jur\u00eddica e a suas interpenetra\u00e7\u00f5es sociais, econ\u00f4micas, administrativas, pol\u00edticas e culturais.<\/p>\n\n\n\n<h3 class=\"wp-block-heading\">Estat\u00edstica aplicada ao Direito?<\/h3>\n\n\n\n<p class=\"wp-block-paragraph\">O estudo do Direito \u00e9 profundamente ligado ao estudo puro das normas jur\u00eddicas. O comportamento social, o impacto das altera\u00e7\u00f5es legais sobre vida dos indiv\u00edduos, a efic\u00e1cia das decis\u00f5es judiciais sempre esteve relegada a um segundo plano. O estudante de direito carece das ferramentas necess\u00e1rias \u00e0 compreens\u00e3o cient\u00edfica da vida social. N\u00e3o aprende nos cursos jur\u00eddicos a fazer pesquisa emp\u00edrica, e acaba acreditando que esta \u00e9 de menor import\u00e2ncia. Se o mundo n\u00e3o segue as normas, pior para o mundo.<\/p>\n\n\n\n<p class=\"wp-block-paragraph\">A altera\u00e7\u00e3o deste panorama depende da modifica\u00e7\u00e3o da pr\u00f3pria mentalidade do jurista, que deve compreender que a vida do direito n\u00e3o se encerra na hermen\u00eautica dos c\u00f3digos e na cole\u00e7\u00e3o de decis\u00f5es judiciais. Por mais que queiramos solucionar quest\u00f5es sociais com altera\u00e7\u00f5es legislativas, a realidade \u00e9 muito mais sofisticada do que a simples inova\u00e7\u00e3o normativa.<\/p>\n\n\n\n<p class=\"wp-block-paragraph\">Ademais, o mundo contempor\u00e2neo exige do profissional do direito a compreens\u00e3o n\u00e3o apenas do universo de normas, mas dos impactos sociais das medidas jur\u00eddicas.<\/p>\n\n\n\n<h3 class=\"wp-block-heading\">Objetivos e viabilidade da Disciplina<\/h3>\n\n\n\n<p class=\"wp-block-paragraph\">Esta disciplina pretende oferecer um m\u00ednimo instrumental metodol\u00f3gico e t\u00e9cnico para o acesso \u00e0 realidade transnormativa &#8211; para al\u00e9m das normas &#8211; e dotar o aluno deste curso da capacidade de medir e raciocinar de modo num\u00e9rico sobre os problemas relacionados ao Direito e seus impactos no mundo no qual est\u00e1 inserido.<\/p>\n\n\n\n<p class=\"wp-block-paragraph\">O uso de ferramentas estat\u00edsicas se tornou amplamente acess\u00edvel ao p\u00fablico comum devido \u00e0 digitaliza\u00e7\u00e3o da justi\u00e7a, que torna a obten\u00e7\u00e3o de dados economicamente vi\u00e1vel a pessoas com poucos recursos, e \u00e0 revolu\u00e7\u00e3o digital, que solapou os custos de processamento, armazenamento e comunica\u00e7\u00e3o de dados.<\/p>\n\n\n\n<figure class=\"wp-block-embed-wordpress wp-block-embed is-type-wp-embed is-provider-roberto-vasconcelos-novaes\"><div class=\"wp-block-embed__wrapper\">\n<blockquote class=\"wp-embedded-content\" data-secret=\"lAdgkufCSn\"><a href=\"https:\/\/www.robertonovaes.com.br\/index.php\/2019\/02\/18\/conteudo-programatico-jurimetria-e-analise-estatistica-do-direito-na-pratica\/\">Conte\u00fado Program\u00e1tico &#8211; Jurimetria e An\u00e1lise Estat\u00edstica do Direito na Pr\u00e1tica<\/a><\/blockquote><iframe loading=\"lazy\" class=\"wp-embedded-content\" sandbox=\"allow-scripts\" security=\"restricted\" style=\"position: absolute; clip: rect(1px, 1px, 1px, 1px);\" title=\"&#8220;Conte\u00fado Program\u00e1tico &#8211; Jurimetria e An\u00e1lise Estat\u00edstica do Direito na Pr\u00e1tica&#8221; &#8212; Roberto Vasconcelos Novaes\" src=\"https:\/\/www.robertonovaes.com.br\/index.php\/2019\/02\/18\/conteudo-programatico-jurimetria-e-analise-estatistica-do-direito-na-pratica\/embed\/#?secret=PR8hR8maO9#?secret=lAdgkufCSn\" data-secret=\"lAdgkufCSn\" width=\"500\" height=\"282\" frameborder=\"0\" marginwidth=\"0\" marginheight=\"0\" scrolling=\"no\"><\/iframe>\n<\/div><\/figure>\n\n\n\n<figure class=\"wp-block-embed-wordpress wp-block-embed is-type-wp-embed is-provider-roberto-vasconcelos-novaes\"><div class=\"wp-block-embed__wrapper\">\n<blockquote class=\"wp-embedded-content\" data-secret=\"kvXDVsWGq5\"><a href=\"https:\/\/www.robertonovaes.com.br\/index.php\/2019\/02\/18\/materiais-e-links-jurimetria-e-analise-estatistica-do-direito-na-pratica\/\">Materiais e Links &#8211; Jurimetria e An\u00e1lise Estat\u00edstica do Direito na Pr\u00e1tica<\/a><\/blockquote><iframe loading=\"lazy\" class=\"wp-embedded-content\" sandbox=\"allow-scripts\" security=\"restricted\" style=\"position: absolute; clip: rect(1px, 1px, 1px, 1px);\" title=\"&#8220;Materiais e Links &#8211; Jurimetria e An\u00e1lise Estat\u00edstica do Direito na Pr\u00e1tica&#8221; &#8212; Roberto Vasconcelos Novaes\" src=\"https:\/\/www.robertonovaes.com.br\/index.php\/2019\/02\/18\/materiais-e-links-jurimetria-e-analise-estatistica-do-direito-na-pratica\/embed\/#?secret=3slXiSqDcb#?secret=kvXDVsWGq5\" data-secret=\"kvXDVsWGq5\" width=\"500\" height=\"282\" frameborder=\"0\" marginwidth=\"0\" marginheight=\"0\" scrolling=\"no\"><\/iframe>\n<\/div><\/figure>\n\n\n\n<figure class=\"wp-block-embed-wordpress wp-block-embed is-type-wp-embed is-provider-roberto-vasconcelos-novaes\"><div class=\"wp-block-embed__wrapper\">\n<blockquote class=\"wp-embedded-content\" data-secret=\"OKALIi6GCW\"><a href=\"https:\/\/www.robertonovaes.com.br\/index.php\/2019\/02\/18\/calendario-de-aulas-2019-01-jurimetria-e-analise-estatistica-do-direito-na-pratica\/\">Calend\u00e1rio de Aulas &#8211; 2019\/01 &#8211; Jurimetria e An\u00e1lise Estat\u00edstica do Direito na Pr\u00e1tica<\/a><\/blockquote><iframe loading=\"lazy\" class=\"wp-embedded-content\" sandbox=\"allow-scripts\" security=\"restricted\" style=\"position: absolute; clip: rect(1px, 1px, 1px, 1px);\" title=\"&#8220;Calend\u00e1rio de Aulas &#8211; 2019\/01 &#8211; Jurimetria e An\u00e1lise Estat\u00edstica do Direito na Pr\u00e1tica&#8221; &#8212; Roberto Vasconcelos Novaes\" src=\"https:\/\/www.robertonovaes.com.br\/index.php\/2019\/02\/18\/calendario-de-aulas-2019-01-jurimetria-e-analise-estatistica-do-direito-na-pratica\/embed\/#?secret=jgNTRYiMK7#?secret=OKALIi6GCW\" data-secret=\"OKALIi6GCW\" width=\"500\" height=\"282\" frameborder=\"0\" marginwidth=\"0\" marginheight=\"0\" scrolling=\"no\"><\/iframe>\n<\/div><\/figure>\n\n\n\n<h2 class=\"wp-block-heading\">Hor\u00e1rio e local de realiza\u00e7\u00e3o das aulas<\/h2>\n\n\n\n<p class=\"wp-block-paragraph\">As aulas ser\u00e3o realizadas \u00e0s <strong>segundas-feiras<\/strong>, de <strong>17:10<\/strong> \u00e0s <strong>18:50<\/strong>, na sala <strong>1201<\/strong>, da Faculdade de Direito da UFMG. Av. Jo\u00e3o Pinheiro, 100 &#8211; Centro &#8211; BH\/MG<\/p>\n\n\n\n<h2 class=\"wp-block-heading\">Comunidade externa e matr\u00edcula como disciplina isolada<\/h2>\n\n\n\n<p class=\"wp-block-paragraph\">Devido \u00e0s normas da UFMG, a <strong>presen\u00e7a na disciplina ser\u00e1 restrita apenas a alunos devidamente matriculados<\/strong>. O p\u00fablico externo poder\u00e1 efetuar o requerimento para a matr\u00edcula como disciplina isolada.<\/p>\n\n\n\n<p class=\"wp-block-paragraph\"><strong>ATEN\u00c7\u00c3O PARA A DATA DO REQUERIMENTO!&nbsp;VER&nbsp;LINK&nbsp;ABAIXO:<\/strong><\/p>\n\n\n\n<p class=\"wp-block-paragraph\">Acesse o link para requerimento de <a href=\"https:\/\/www2.ufmg.br\/drca\/drca\/Home\/Graduacao\/Disciplina-Isolada\/Disciplina-Isolada-2019-11\" target=\"_blank\" rel=\"noopener noreferrer\">matr\u00edcula como disciplina isolada<\/a>.<\/p>\n\n\n\n<h2 class=\"wp-block-heading\">Gratuidade da disciplina<\/h2>\n\n\n\n<p class=\"wp-block-paragraph\">A realiza\u00e7\u00e3o da disciplina pelo p\u00fablico externo \u00e9 gratuita. Entretanto existe o pagamento de taxa de matr\u00edcula, no valor de <strong>R$ 194,57 <\/strong>que dever\u00e1 ser devidamente recolhida conforme instru\u00e7\u00f5es no link abaixo.<\/p>\n\n\n\n<p class=\"wp-block-paragraph\"><strong>Se esta disciplina \u00e9 gratuita, \u00e9 porque a UFMG pertence a todos os brasileiros<\/strong>. Nas pr\u00f3ximas elei\u00e7\u00f5es, escolha candidatos que defendem a universidade p\u00fablica, gratuita e de qualidade.<\/p>\n\n\n\n<h2 class=\"wp-block-heading\">Prefer\u00eancia para matr\u00edcula em disciplina isolada<\/h2>\n\n\n\n<p class=\"wp-block-paragraph\">A <a href=\"https:\/\/www2.ufmg.br\/direito\/content\/download\/1227\/11481\/file\/10%20-%20REGULAMENTA%20MATRICULA%20EM%20DISCIPLINAS%20ISOLADAS.pdf\" target=\"_blank\" rel=\"noopener noreferrer\">Resolu\u00e7\u00e3o 10\/2009 do Colegiado de Gradua\u00e7\u00e3o<\/a> regulamenta a matr\u00edcula nesta modalidade.<\/p>\n\n\n<p><\/p>","protected":false},"excerpt":{"rendered":"<p>Aten\u00e7\u00e3o: essa disciplina foi oferecida em 2019\/01. N\u00e3o ser\u00e1 ofertada em 2019\/02. Sobre a Disciplina O que toda pessoa deveria saber diante de um processo: Qual minha chance de \u00eaxito? Quanto tempo vai demorar? Quanto vai custar este processo? Quanto posso perder se condenado? Vale a pena fazer um acordo? Por quanto? Qual o melhor [&hellip;]<\/p>\n","protected":false},"author":1,"featured_media":1026,"parent":0,"menu_order":0,"comment_status":"closed","ping_status":"closed","template":"","meta":{"_crdt_document":"","site-sidebar-layout":"default","site-content-layout":"","ast-site-content-layout":"default","site-content-style":"default","site-sidebar-style":"default","ast-global-header-display":"","ast-banner-title-visibility":"","ast-main-header-display":"","ast-hfb-above-header-display":"","ast-hfb-below-header-display":"","ast-hfb-mobile-header-display":"","site-post-title":"","ast-breadcrumbs-content":"","ast-featured-img":"","footer-sml-layout":"","ast-disable-related-posts":"","theme-transparent-header-meta":"","adv-header-id-meta":"","stick-header-meta":"","header-above-stick-meta":"","header-main-stick-meta":"","header-below-stick-meta":"","astra-migrate-meta-layouts":"default","ast-page-background-enabled":"default","ast-page-background-meta":{"desktop":{"background-color":"","background-image":"","background-repeat":"repeat","background-position":"center center","background-size":"auto","background-attachment":"scroll","background-type":"","background-media":"","overlay-type":"","overlay-color":"","overlay-opacity":"","overlay-gradient":""},"tablet":{"background-color":"","background-image":"","background-repeat":"repeat","background-position":"center center","background-size":"auto","background-attachment":"scroll","background-type":"","background-media":"","overlay-type":"","overlay-color":"","overlay-opacity":"","overlay-gradient":""},"mobile":{"background-color":"","background-image":"","background-repeat":"repeat","background-position":"center center","background-size":"auto","background-attachment":"scroll","background-type":"","background-media":"","overlay-type":"","overlay-color":"","overlay-opacity":"","overlay-gradient":""}},"ast-content-background-meta":{"desktop":{"background-color":"var(--ast-global-color-5)","background-image":"","background-repeat":"repeat","background-position":"center center","background-size":"auto","background-attachment":"scroll","background-type":"","background-media":"","overlay-type":"","overlay-color":"","overlay-opacity":"","overlay-gradient":""},"tablet":{"background-color":"var(--ast-global-color-5)","background-image":"","background-repeat":"repeat","background-position":"center center","background-size":"auto","background-attachment":"scroll","background-type":"","background-media":"","overlay-type":"","overlay-color":"","overlay-opacity":"","overlay-gradient":""},"mobile":{"background-color":"var(--ast-global-color-5)","background-image":"","background-repeat":"repeat","background-position":"center center","background-size":"auto","background-attachment":"scroll","background-type":"","background-media":"","overlay-type":"","overlay-color":"","overlay-opacity":"","overlay-gradient":""}},"footnotes":""},"class_list":["post-1024","page","type-page","status-publish","has-post-thumbnail","hentry"],"_links":{"self":[{"href":"https:\/\/www.robertonovaes.com.br\/index.php\/wp-json\/wp\/v2\/pages\/1024","targetHints":{"allow":["GET"]}}],"collection":[{"href":"https:\/\/www.robertonovaes.com.br\/index.php\/wp-json\/wp\/v2\/pages"}],"about":[{"href":"https:\/\/www.robertonovaes.com.br\/index.php\/wp-json\/wp\/v2\/types\/page"}],"author":[{"embeddable":true,"href":"https:\/\/www.robertonovaes.com.br\/index.php\/wp-json\/wp\/v2\/users\/1"}],"replies":[{"embeddable":true,"href":"https:\/\/www.robertonovaes.com.br\/index.php\/wp-json\/wp\/v2\/comments?post=1024"}],"version-history":[{"count":17,"href":"https:\/\/www.robertonovaes.com.br\/index.php\/wp-json\/wp\/v2\/pages\/1024\/revisions"}],"predecessor-version":[{"id":1577,"href":"https:\/\/www.robertonovaes.com.br\/index.php\/wp-json\/wp\/v2\/pages\/1024\/revisions\/1577"}],"wp:featuredmedia":[{"embeddable":true,"href":"https:\/\/www.robertonovaes.com.br\/index.php\/wp-json\/wp\/v2\/media\/1026"}],"wp:attachment":[{"href":"https:\/\/www.robertonovaes.com.br\/index.php\/wp-json\/wp\/v2\/media?parent=1024"}],"curies":[{"name":"wp","href":"https:\/\/api.w.org\/{rel}","templated":true}]}}