{"id":145,"date":"2018-07-16T07:31:59","date_gmt":"2018-07-16T10:31:59","guid":{"rendered":"https:\/\/www.robertonovaes.com.br\/?page_id=145"},"modified":"2019-02-18T16:12:31","modified_gmt":"2019-02-18T19:12:31","slug":"ciencia-de-dados-aplicada-ao-direito-sistemas-de-informacao-juridicos-e-gestao-de-servicos-juridicos","status":"publish","type":"page","link":"https:\/\/www.robertonovaes.com.br\/index.php\/ciencia-de-dados-aplicada-ao-direito-sistemas-de-informacao-juridicos-e-gestao-de-servicos-juridicos\/","title":{"rendered":"Ci\u00eancia de Dados Aplicada ao Direito, Sistemas de Informa\u00e7\u00e3o Jur\u00eddicos e Gest\u00e3o de Servi\u00e7os Jur\u00eddicos"},"content":{"rendered":"<h3>Hor\u00e1rio e local de realiza\u00e7\u00e3o das aulas<\/h3>\n<p>As aulas ser\u00e3o realizadas \u00e0s <strong>segundas-feiras<\/strong>, de <strong>17:10<\/strong> \u00e0s <strong>18:50<\/strong>, na sala <strong>1201<\/strong>, da Faculdade de Direito da UFMG. Av. Jo\u00e3o Pinheiro, 100 &#8211; Centro &#8211; BH\/MG<\/p>\n<h3>Comunidade externa e matr\u00edcula como disciplina isolada<\/h3>\n<p>Devido \u00e0s normas da UFMG, a <strong>presen\u00e7a na disciplina ser\u00e1 restrita apenas a alunos devidamente matriculados<\/strong>. O p\u00fablico externo poder\u00e1 efetuar o requerimento para a matr\u00edcula como disciplina isolada no dia <strong>08 de agosto de 2018<\/strong>.<\/p>\n<h3>Gratuidade da disciplina<\/h3>\n<p>A realiza\u00e7\u00e3o da disciplina pelo p\u00fablico externo \u00e9 gratuita. Entretanto existe o pagamento de taxa de matr\u00edcula, no valor de <strong>R$ 194,57 <\/strong>que dever\u00e1 ser devidamente recolhida conforme instru\u00e7\u00f5es no link abaixo.<\/p>\n<p><strong>Se esta disciplina \u00e9 gratuita, \u00e9 porque a UFMG pertence a todos os brasileiros<\/strong>. Nas pr\u00f3ximas elei\u00e7\u00f5es, escolha candidatos que defendem a universidade p\u00fablica, gratuita e de qualidade.<\/p>\n<p>Acesse o link para requerimento de <a href=\"https:\/\/www2.ufmg.br\/drca\/drca\/Home\/Graduacao\/Disciplina-Isolada\/Disciplina-Isolada-2018-21\" target=\"_blank\" rel=\"noopener\">matr\u00edcula como disciplina isolada<\/a>.<\/p>\n<h3>Prefer\u00eancia para matr\u00edcula em disciplina isolada<\/h3>\n<p>A <a href=\"https:\/\/www2.ufmg.br\/direito\/content\/download\/1227\/11481\/file\/10%20-%20REGULAMENTA%20MATRICULA%20EM%20DISCIPLINAS%20ISOLADAS.pdf\" target=\"_blank\" rel=\"noopener\">Resolu\u00e7\u00e3o 10\/2009 do Colegiado de Gradua\u00e7\u00e3o<\/a> regulamenta a matr\u00edcula nesta modalidade.<\/p>\n<blockquote class=\"wp-embedded-content\" data-secret=\"hlUQtY372S\"><p><a href=\"https:\/\/www.robertonovaes.com.br\/index.php\/2018\/07\/15\/conteudo-programatico\/\">Conte\u00fado Program\u00e1tico &#8211; Ci\u00eancia de Dados Aplicada ao Direito, Sistemas de Informa\u00e7\u00e3o Jur\u00eddicos e Gest\u00e3o de Servi\u00e7os Jur\u00eddicos<\/a><\/p><\/blockquote>\n<p><iframe loading=\"lazy\" class=\"wp-embedded-content\" sandbox=\"allow-scripts\" security=\"restricted\" style=\"position: absolute; clip: rect(1px, 1px, 1px, 1px);\" title=\"&#8220;Conte\u00fado Program\u00e1tico &#8211; Ci\u00eancia de Dados Aplicada ao Direito, Sistemas de Informa\u00e7\u00e3o Jur\u00eddicos e Gest\u00e3o de Servi\u00e7os Jur\u00eddicos&#8221; &#8212; Roberto Vasconcelos Novaes\" src=\"https:\/\/www.robertonovaes.com.br\/index.php\/2018\/07\/15\/conteudo-programatico\/embed\/#?secret=PyjPeaaEYT#?secret=hlUQtY372S\" data-secret=\"hlUQtY372S\" width=\"500\" height=\"282\" frameborder=\"0\" marginwidth=\"0\" marginheight=\"0\" scrolling=\"no\"><\/iframe><\/p>\n<blockquote class=\"wp-embedded-content\" data-secret=\"HtBfRJN9fX\"><p><a href=\"https:\/\/www.robertonovaes.com.br\/index.php\/2018\/07\/15\/materiais-e-links-ciencia-de-dados-aplicada-ao-direito-sistemas-de-informacao-juridicos-e-gestao-de-servicos-juridicos\/\">Materiais e Links \u2013 Ci\u00eancia de Dados Aplicada ao Direito, Sistemas de Informa\u00e7\u00e3o Jur\u00eddicos e Gest\u00e3o de Servi\u00e7os Jur\u00eddicos<\/a><\/p><\/blockquote>\n<p><iframe loading=\"lazy\" class=\"wp-embedded-content\" sandbox=\"allow-scripts\" security=\"restricted\" style=\"position: absolute; clip: rect(1px, 1px, 1px, 1px);\" title=\"&#8220;Materiais e Links \u2013 Ci\u00eancia de Dados Aplicada ao Direito, Sistemas de Informa\u00e7\u00e3o Jur\u00eddicos e Gest\u00e3o de Servi\u00e7os Jur\u00eddicos&#8221; &#8212; Roberto Vasconcelos Novaes\" src=\"https:\/\/www.robertonovaes.com.br\/index.php\/2018\/07\/15\/materiais-e-links-ciencia-de-dados-aplicada-ao-direito-sistemas-de-informacao-juridicos-e-gestao-de-servicos-juridicos\/embed\/#?secret=QFTJIe08dr#?secret=HtBfRJN9fX\" data-secret=\"HtBfRJN9fX\" width=\"500\" height=\"282\" frameborder=\"0\" marginwidth=\"0\" marginheight=\"0\" scrolling=\"no\"><\/iframe><\/p>\n<blockquote class=\"wp-embedded-content\" data-secret=\"8Qe6uoSUmn\"><p><a href=\"https:\/\/www.robertonovaes.com.br\/index.php\/2018\/07\/15\/calendario-de-aulas-2018-02-ciencia-de-dados-aplicada-ao-direito-sistemas-de-informacao-juridicos-e-gestao-de-servicos-juridicos\/\">Calend\u00e1rio de Aulas &#8211; 2018\/02 &#8211; Ci\u00eancia de Dados Aplicada ao Direito, Sistemas de Informa\u00e7\u00e3o Jur\u00eddicos e Gest\u00e3o de Servi\u00e7os Jur\u00eddicos<\/a><\/p><\/blockquote>\n<p><iframe loading=\"lazy\" class=\"wp-embedded-content\" sandbox=\"allow-scripts\" security=\"restricted\" style=\"position: absolute; clip: rect(1px, 1px, 1px, 1px);\" title=\"&#8220;Calend\u00e1rio de Aulas &#8211; 2018\/02 &#8211; Ci\u00eancia de Dados Aplicada ao Direito, Sistemas de Informa\u00e7\u00e3o Jur\u00eddicos e Gest\u00e3o de Servi\u00e7os Jur\u00eddicos&#8221; &#8212; Roberto Vasconcelos Novaes\" src=\"https:\/\/www.robertonovaes.com.br\/index.php\/2018\/07\/15\/calendario-de-aulas-2018-02-ciencia-de-dados-aplicada-ao-direito-sistemas-de-informacao-juridicos-e-gestao-de-servicos-juridicos\/embed\/#?secret=C8JxgOtSsA#?secret=8Qe6uoSUmn\" data-secret=\"8Qe6uoSUmn\" width=\"500\" height=\"282\" frameborder=\"0\" marginwidth=\"0\" marginheight=\"0\" scrolling=\"no\"><\/iframe><\/p>\n","protected":false},"excerpt":{"rendered":"<p>Hor\u00e1rio e local de realiza\u00e7\u00e3o das aulas As aulas ser\u00e3o realizadas \u00e0s segundas-feiras, de 17:10 \u00e0s 18:50, na sala 1201, da Faculdade de Direito da UFMG. Av. Jo\u00e3o Pinheiro, 100 &#8211; Centro &#8211; BH\/MG Comunidade externa e matr\u00edcula como disciplina isolada Devido \u00e0s normas da UFMG, a presen\u00e7a na disciplina ser\u00e1 restrita apenas a alunos [&hellip;]<\/p>\n","protected":false},"author":1,"featured_media":388,"parent":0,"menu_order":0,"comment_status":"closed","ping_status":"closed","template":"","meta":{"_crdt_document":"","site-sidebar-layout":"default","site-content-layout":"","ast-site-content-layout":"default","site-content-style":"default","site-sidebar-style":"default","ast-global-header-display":"","ast-banner-title-visibility":"","ast-main-header-display":"","ast-hfb-above-header-display":"","ast-hfb-below-header-display":"","ast-hfb-mobile-header-display":"","site-post-title":"","ast-breadcrumbs-content":"","ast-featured-img":"","footer-sml-layout":"","ast-disable-related-posts":"","theme-transparent-header-meta":"","adv-header-id-meta":"","stick-header-meta":"","header-above-stick-meta":"","header-main-stick-meta":"","header-below-stick-meta":"","astra-migrate-meta-layouts":"default","ast-page-background-enabled":"default","ast-page-background-meta":{"desktop":{"background-color":"","background-image":"","background-repeat":"repeat","background-position":"center center","background-size":"auto","background-attachment":"scroll","background-type":"","background-media":"","overlay-type":"","overlay-color":"","overlay-opacity":"","overlay-gradient":""},"tablet":{"background-color":"","background-image":"","background-repeat":"repeat","background-position":"center center","background-size":"auto","background-attachment":"scroll","background-type":"","background-media":"","overlay-type":"","overlay-color":"","overlay-opacity":"","overlay-gradient":""},"mobile":{"background-color":"","background-image":"","background-repeat":"repeat","background-position":"center center","background-size":"auto","background-attachment":"scroll","background-type":"","background-media":"","overlay-type":"","overlay-color":"","overlay-opacity":"","overlay-gradient":""}},"ast-content-background-meta":{"desktop":{"background-color":"var(--ast-global-color-5)","background-image":"","background-repeat":"repeat","background-position":"center center","background-size":"auto","background-attachment":"scroll","background-type":"","background-media":"","overlay-type":"","overlay-color":"","overlay-opacity":"","overlay-gradient":""},"tablet":{"background-color":"var(--ast-global-color-5)","background-image":"","background-repeat":"repeat","background-position":"center center","background-size":"auto","background-attachment":"scroll","background-type":"","background-media":"","overlay-type":"","overlay-color":"","overlay-opacity":"","overlay-gradient":""},"mobile":{"background-color":"var(--ast-global-color-5)","background-image":"","background-repeat":"repeat","background-position":"center center","background-size":"auto","background-attachment":"scroll","background-type":"","background-media":"","overlay-type":"","overlay-color":"","overlay-opacity":"","overlay-gradient":""}},"footnotes":""},"class_list":["post-145","page","type-page","status-publish","has-post-thumbnail","hentry"],"_links":{"self":[{"href":"https:\/\/www.robertonovaes.com.br\/index.php\/wp-json\/wp\/v2\/pages\/145","targetHints":{"allow":["GET"]}}],"collection":[{"href":"https:\/\/www.robertonovaes.com.br\/index.php\/wp-json\/wp\/v2\/pages"}],"about":[{"href":"https:\/\/www.robertonovaes.com.br\/index.php\/wp-json\/wp\/v2\/types\/page"}],"author":[{"embeddable":true,"href":"https:\/\/www.robertonovaes.com.br\/index.php\/wp-json\/wp\/v2\/users\/1"}],"replies":[{"embeddable":true,"href":"https:\/\/www.robertonovaes.com.br\/index.php\/wp-json\/wp\/v2\/comments?post=145"}],"version-history":[{"count":10,"href":"https:\/\/www.robertonovaes.com.br\/index.php\/wp-json\/wp\/v2\/pages\/145\/revisions"}],"predecessor-version":[{"id":1019,"href":"https:\/\/www.robertonovaes.com.br\/index.php\/wp-json\/wp\/v2\/pages\/145\/revisions\/1019"}],"wp:featuredmedia":[{"embeddable":true,"href":"https:\/\/www.robertonovaes.com.br\/index.php\/wp-json\/wp\/v2\/media\/388"}],"wp:attachment":[{"href":"https:\/\/www.robertonovaes.com.br\/index.php\/wp-json\/wp\/v2\/media?parent=145"}],"curies":[{"name":"wp","href":"https:\/\/api.w.org\/{rel}","templated":true}]}}