{"id":154,"date":"2018-07-16T10:27:55","date_gmt":"2018-07-16T13:27:55","guid":{"rendered":"https:\/\/www.robertonovaes.com.br\/?page_id=154"},"modified":"2019-06-05T09:42:43","modified_gmt":"2019-06-05T12:42:43","slug":"sobre-mim","status":"publish","type":"page","link":"https:\/\/www.robertonovaes.com.br\/index.php\/sobre-mim\/","title":{"rendered":"Sobre mim"},"content":{"rendered":"\n<figure><img decoding=\"async\" src=\"https:\/\/www.robertonovaes.com.br\/wp-content\/uploads\/2018\/07\/perfil_2-272x300.jpg\" alt=\"\" \/><\/figure>\n\n<p class=\"wp-block-paragraph\">Roberto Vasconcelos Novaes \u00e9 bacharel, mestre e doutor em Direito pela UFMG. Atualmente, \u00e9 Professor Adjunto na mesma institui\u00e7\u00e3o. Na <a href=\"https:\/\/www.direito.ufmg.br\/\" target=\"_blank\" rel=\"noopener noreferrer\">Faculdade de Direito<\/a>, participou ativamente do movimento estudantil e foi presidente do <a href=\"https:\/\/caap.org.br\/\" target=\"_blank\" rel=\"noopener noreferrer\">Centro Acad\u00eamico Afonso Pena<\/a>. Realizou aperfei\u00e7oamento em Gest\u00e3o de Neg\u00f3cios pela Funda\u00e7\u00e3o Dom Cabral. \u00c9 professor universit\u00e1rio desde 2002, tendo lecionado Empreendedorismo, Filosofia do Direito, Hist\u00f3ria, Direito Romano, Sociologia, Hermen\u00eautica Jur\u00eddica, Jurimetria e IED. Scrum Master Certificado e desenvolvedor autodidata, tem experi\u00eancia em m\u00e9todos \u00e1geis, gest\u00e3o de projetos, softwares livres, bancos de dados relacionais e Python. Tem experi\u00eancia profissional em inova\u00e7\u00e3o jur\u00eddica em grandes escrit\u00f3rios de advocacia, na an\u00e1lise e mentoria de legaltechs e na coordena\u00e7\u00e3o de equipes de desenvolvimento de softwares jur\u00eddicos. Participou de diversos programas de empreendedorismo e startups como competidor e mentor, tais como SW, SW Comunidades, SW Women, StartupU, FiemgLab, Global Legal Hackaton e Artem\u00edsia Labs. Membro da <a href=\"https:\/\/www.acm.org\/\" target=\"_blank\" rel=\"noopener noreferrer\">Association for Computing Machinery<\/a> desde 2009, \u00e9 atualmente Diretor de Tecnologia do <a href=\"http:\/\/ideiaonline.org\/\" target=\"_blank\" rel=\"noopener noreferrer\">IDEA &#8211; Instituto de Direito e Intelig\u00eancia Artificial<\/a>.<\/p>\n\n<h3 class=\"wp-block-heading\">Contato:<\/h3>\n\n<p class=\"wp-block-paragraph\">rvnovaes at gmail com<\/p>\n\n<p class=\"wp-block-paragraph\">rnovaes at ufmg br<\/p>\n\n<p class=\"wp-block-paragraph\"><a href=\"http:\/\/lattes.cnpq.br\/5179211509409728\" target=\"_blank\" rel=\"noreferrer noopener\" aria-label=\"Curr\u00edculo Lattes\n (opens in a new tab)\">Curr\u00edculo Lattes<br \/><\/a><\/p>\n","protected":false},"excerpt":{"rendered":"<p>Roberto Vasconcelos Novaes \u00e9 bacharel, mestre e doutor em Direito pela UFMG. Atualmente, \u00e9 Professor Adjunto na mesma institui\u00e7\u00e3o. Na Faculdade de Direito, participou ativamente do movimento estudantil e foi presidente do Centro Acad\u00eamico Afonso Pena. Realizou aperfei\u00e7oamento em Gest\u00e3o de Neg\u00f3cios pela Funda\u00e7\u00e3o Dom Cabral. \u00c9 professor universit\u00e1rio desde 2002, tendo lecionado Empreendedorismo, Filosofia [&hellip;]<\/p>\n","protected":false},"author":1,"featured_media":0,"parent":0,"menu_order":0,"comment_status":"closed","ping_status":"closed","template":"","meta":{"_crdt_document":"","site-sidebar-layout":"default","site-content-layout":"","ast-site-content-layout":"default","site-content-style":"default","site-sidebar-style":"default","ast-global-header-display":"","ast-banner-title-visibility":"","ast-main-header-display":"","ast-hfb-above-header-display":"","ast-hfb-below-header-display":"","ast-hfb-mobile-header-display":"","site-post-title":"","ast-breadcrumbs-content":"","ast-featured-img":"","footer-sml-layout":"","ast-disable-related-posts":"","theme-transparent-header-meta":"","adv-header-id-meta":"","stick-header-meta":"","header-above-stick-meta":"","header-main-stick-meta":"","header-below-stick-meta":"","astra-migrate-meta-layouts":"default","ast-page-background-enabled":"default","ast-page-background-meta":{"desktop":{"background-color":"","background-image":"","background-repeat":"repeat","background-position":"center center","background-size":"auto","background-attachment":"scroll","background-type":"","background-media":"","overlay-type":"","overlay-color":"","overlay-opacity":"","overlay-gradient":""},"tablet":{"background-color":"","background-image":"","background-repeat":"repeat","background-position":"center center","background-size":"auto","background-attachment":"scroll","background-type":"","background-media":"","overlay-type":"","overlay-color":"","overlay-opacity":"","overlay-gradient":""},"mobile":{"background-color":"","background-image":"","background-repeat":"repeat","background-position":"center center","background-size":"auto","background-attachment":"scroll","background-type":"","background-media":"","overlay-type":"","overlay-color":"","overlay-opacity":"","overlay-gradient":""}},"ast-content-background-meta":{"desktop":{"background-color":"var(--ast-global-color-5)","background-image":"","background-repeat":"repeat","background-position":"center center","background-size":"auto","background-attachment":"scroll","background-type":"","background-media":"","overlay-type":"","overlay-color":"","overlay-opacity":"","overlay-gradient":""},"tablet":{"background-color":"var(--ast-global-color-5)","background-image":"","background-repeat":"repeat","background-position":"center center","background-size":"auto","background-attachment":"scroll","background-type":"","background-media":"","overlay-type":"","overlay-color":"","overlay-opacity":"","overlay-gradient":""},"mobile":{"background-color":"var(--ast-global-color-5)","background-image":"","background-repeat":"repeat","background-position":"center center","background-size":"auto","background-attachment":"scroll","background-type":"","background-media":"","overlay-type":"","overlay-color":"","overlay-opacity":"","overlay-gradient":""}},"footnotes":""},"class_list":["post-154","page","type-page","status-publish","hentry"],"_links":{"self":[{"href":"https:\/\/www.robertonovaes.com.br\/index.php\/wp-json\/wp\/v2\/pages\/154","targetHints":{"allow":["GET"]}}],"collection":[{"href":"https:\/\/www.robertonovaes.com.br\/index.php\/wp-json\/wp\/v2\/pages"}],"about":[{"href":"https:\/\/www.robertonovaes.com.br\/index.php\/wp-json\/wp\/v2\/types\/page"}],"author":[{"embeddable":true,"href":"https:\/\/www.robertonovaes.com.br\/index.php\/wp-json\/wp\/v2\/users\/1"}],"replies":[{"embeddable":true,"href":"https:\/\/www.robertonovaes.com.br\/index.php\/wp-json\/wp\/v2\/comments?post=154"}],"version-history":[{"count":12,"href":"https:\/\/www.robertonovaes.com.br\/index.php\/wp-json\/wp\/v2\/pages\/154\/revisions"}],"predecessor-version":[{"id":1365,"href":"https:\/\/www.robertonovaes.com.br\/index.php\/wp-json\/wp\/v2\/pages\/154\/revisions\/1365"}],"wp:attachment":[{"href":"https:\/\/www.robertonovaes.com.br\/index.php\/wp-json\/wp\/v2\/media?parent=154"}],"curies":[{"name":"wp","href":"https:\/\/api.w.org\/{rel}","templated":true}]}}