{"id":1612,"date":"2019-11-05T14:14:33","date_gmt":"2019-11-05T17:14:33","guid":{"rendered":"https:\/\/www.robertonovaes.com.br\/?page_id=1612"},"modified":"2020-07-04T11:05:25","modified_gmt":"2020-07-04T14:05:25","slug":"legaltech-referencias-e-links","status":"publish","type":"page","link":"https:\/\/www.robertonovaes.com.br\/index.php\/legaltech-referencias-e-links\/","title":{"rendered":"Legaltech &#8211; Refer\u00eancias e Links"},"content":{"rendered":"\n<h2 class=\"wp-block-heading\">Programa\u00e7\u00e3o para Advogados<\/h2>\n\n\n\n<ul class=\"wp-block-list\"><li><a rel=\"noreferrer noopener\" href=\"https:\/\/cp4l.org\/\" target=\"_blank\">Computer Programming for Lawyers<\/a> &#8211; Georgetown University Law Center<\/li><li><a rel=\"noreferrer noopener\" aria-label=\"Suffolk Law School - Legal Innovation &amp; Technoloy Lab (abre em uma nova aba)\" href=\"https:\/\/suffolklitlab.org\/\" target=\"_blank\">Legal Innovation &amp; Technoloy Lab<\/a> &#8211; Suffolk Law Scholl<\/li><li><a rel=\"noreferrer noopener\" aria-label=\"Programming for Lawyers (abre em uma nova aba)\" href=\"https:\/\/hls.harvard.edu\/academics\/curriculum\/catalog\/default.aspx?o=71516\" target=\"_blank\">Programming for Lawyers<\/a> &#8211; Harvard Law School<\/li><\/ul>\n\n\n\n<h4 class=\"wp-block-heading\">Artigos<\/h4>\n\n\n\n<ul class=\"wp-block-list\"><li><a rel=\"noreferrer noopener\" aria-label=\"FENWICK, M. KAAL, W, VERMEULEN, Erik. Legal Education in a Digital Age. Why Coding for Lawyers Matters (abre em uma nova aba)\" href=\"https:\/\/www.robertonovaes.com.br\/wp-content\/uploads\/2019\/11\/FENWICK-M.-KAAL-W-VERMEULEN-Erik.-Legal-Education-in-a-Digital-Age.-Why-Coding-for-Lawyers-Matters.pdf\" target=\"_blank\">FENWICK, M. KAAL, W, VERMEULEN, Erik. Legal Education in a Digital Age. Why Coding for Lawyers Matters<\/a><\/li><\/ul>\n\n\n\n<hr class=\"wp-block-separator\"\/>\n\n\n\n<h2 class=\"wp-block-heading\">Documentos Jur\u00eddicos<\/h2>\n\n\n\n<p class=\"wp-block-paragraph\"><a rel=\"noreferrer noopener\" href=\"https:\/\/docassemble.org\/\" target=\"_blank\">Docassemble<\/a> &#8211; A free, open-source expert system for guided interviews and document assembly, based on Python, YAML, and Markdown.<\/p>\n\n\n\n<p class=\"wp-block-paragraph\"><a rel=\"noreferrer noopener\" href=\"http:\/\/www.legalxml.org\/\" target=\"_blank\">LegalXML<\/a> &#8211;  Courts, lawyers, criminal justice agencies, legislatures,<br>libraries, publishers, and other participants in the civil and criminal legal systems use XML standards to maintain and share electronic legal records cheaply, seamlessly and securely.<\/p>\n\n\n\n<h4 class=\"wp-block-heading\">Artigos<\/h4>\n\n\n\n<p class=\"wp-block-paragraph\"><a href=\"https:\/\/www.robertonovaes.com.br\/wp-content\/uploads\/2020\/07\/MIMOUNI-Nada-Modeling-Legal-Documents-as-Typed-Linked-Data-for-Relational-Querying.pdf\" target=\"_blank\" rel=\"noreferrer noopener\">MIMOUNI, Nada. Modeling Legal Documents as Typed Linked Data for Relational Querying<\/a> &#8211; <strong>Abstract<\/strong>. Access to legal knowledge is particularly challenging to information retrieval systems. Not only is legal knowledge usually expressed in linguistically complex forms, but it is also structurally sophisticated (e.g pieces of legislation applicable to a case, version in force of a legal document, other related sources). Modeling the collection of documents in such complex domains requires taking into account the semantic content of the documents as well as their relational structure since documents are usually related to each other by various types of links. In this paper we describe two approaches for modeling and querying a collection of interlinked legal documents. The first approach is based on Formal Concept Analysis and Relational Concept Analysis to model and query the collection of documents. The second approach uses semantic web techniques (RDF, OWL and SPARQL). Different types of relational queries<br>are discussed.<br><strong>Keywords<\/strong>: Information Retrieval, Linked documents, Relational queries,<br>Formal Concept Analysis, Relational Concept Analysis, Ontology, Semantic web.<\/p>\n\n\n\n<hr class=\"wp-block-separator\"\/>\n","protected":false},"excerpt":{"rendered":"<p>Recursos brasileiros e internacionais sobre programa\u00e7\u00e3o aplicada ao direito, direito e tecnologia e inova\u00e7\u00e3o jur\u00eddica. Refer\u00eancias a empresas, universidades, grupos de pesquisa e materias de estudo.<\/p>\n","protected":false},"author":1,"featured_media":0,"parent":0,"menu_order":0,"comment_status":"closed","ping_status":"closed","template":"","meta":{"_crdt_document":"","site-sidebar-layout":"default","site-content-layout":"","ast-site-content-layout":"default","site-content-style":"default","site-sidebar-style":"default","ast-global-header-display":"","ast-banner-title-visibility":"","ast-main-header-display":"","ast-hfb-above-header-display":"","ast-hfb-below-header-display":"","ast-hfb-mobile-header-display":"","site-post-title":"","ast-breadcrumbs-content":"","ast-featured-img":"","footer-sml-layout":"","ast-disable-related-posts":"","theme-transparent-header-meta":"","adv-header-id-meta":"","stick-header-meta":"","header-above-stick-meta":"","header-main-stick-meta":"","header-below-stick-meta":"","astra-migrate-meta-layouts":"default","ast-page-background-enabled":"default","ast-page-background-meta":{"desktop":{"background-color":"","background-image":"","background-repeat":"repeat","background-position":"center center","background-size":"auto","background-attachment":"scroll","background-type":"","background-media":"","overlay-type":"","overlay-color":"","overlay-opacity":"","overlay-gradient":""},"tablet":{"background-color":"","background-image":"","background-repeat":"repeat","background-position":"center center","background-size":"auto","background-attachment":"scroll","background-type":"","background-media":"","overlay-type":"","overlay-color":"","overlay-opacity":"","overlay-gradient":""},"mobile":{"background-color":"","background-image":"","background-repeat":"repeat","background-position":"center center","background-size":"auto","background-attachment":"scroll","background-type":"","background-media":"","overlay-type":"","overlay-color":"","overlay-opacity":"","overlay-gradient":""}},"ast-content-background-meta":{"desktop":{"background-color":"var(--ast-global-color-5)","background-image":"","background-repeat":"repeat","background-position":"center center","background-size":"auto","background-attachment":"scroll","background-type":"","background-media":"","overlay-type":"","overlay-color":"","overlay-opacity":"","overlay-gradient":""},"tablet":{"background-color":"var(--ast-global-color-5)","background-image":"","background-repeat":"repeat","background-position":"center center","background-size":"auto","background-attachment":"scroll","background-type":"","background-media":"","overlay-type":"","overlay-color":"","overlay-opacity":"","overlay-gradient":""},"mobile":{"background-color":"var(--ast-global-color-5)","background-image":"","background-repeat":"repeat","background-position":"center center","background-size":"auto","background-attachment":"scroll","background-type":"","background-media":"","overlay-type":"","overlay-color":"","overlay-opacity":"","overlay-gradient":""}},"footnotes":""},"class_list":["post-1612","page","type-page","status-publish","hentry"],"_links":{"self":[{"href":"https:\/\/www.robertonovaes.com.br\/index.php\/wp-json\/wp\/v2\/pages\/1612","targetHints":{"allow":["GET"]}}],"collection":[{"href":"https:\/\/www.robertonovaes.com.br\/index.php\/wp-json\/wp\/v2\/pages"}],"about":[{"href":"https:\/\/www.robertonovaes.com.br\/index.php\/wp-json\/wp\/v2\/types\/page"}],"author":[{"embeddable":true,"href":"https:\/\/www.robertonovaes.com.br\/index.php\/wp-json\/wp\/v2\/users\/1"}],"replies":[{"embeddable":true,"href":"https:\/\/www.robertonovaes.com.br\/index.php\/wp-json\/wp\/v2\/comments?post=1612"}],"version-history":[{"count":9,"href":"https:\/\/www.robertonovaes.com.br\/index.php\/wp-json\/wp\/v2\/pages\/1612\/revisions"}],"predecessor-version":[{"id":1853,"href":"https:\/\/www.robertonovaes.com.br\/index.php\/wp-json\/wp\/v2\/pages\/1612\/revisions\/1853"}],"wp:attachment":[{"href":"https:\/\/www.robertonovaes.com.br\/index.php\/wp-json\/wp\/v2\/media?parent=1612"}],"curies":[{"name":"wp","href":"https:\/\/api.w.org\/{rel}","templated":true}]}}