{"id":1860,"date":"2020-07-05T11:59:50","date_gmt":"2020-07-05T14:59:50","guid":{"rendered":"https:\/\/www.robertonovaes.com.br\/?page_id=1860"},"modified":"2024-09-09T10:22:33","modified_gmt":"2024-09-09T13:22:33","slug":"gestao-legal","status":"publish","type":"page","link":"https:\/\/www.robertonovaes.com.br\/index.php\/gestao-legal\/","title":{"rendered":"Gest\u00e3o Legal"},"content":{"rendered":"\n<h3 class=\"wp-block-heading\">Apresenta\u00e7\u00e3o e justificativa<\/h3>\n\n\n\n<p class=\"wp-block-paragraph\">O Projeto Gest\u00e3o Legal UFMG tem como objetivo capacitar os alunos de gradua\u00e7\u00e3o em sistemas gerenciais de informa\u00e7\u00e3o, estudando t\u00e9cnicas de gest\u00e3o aplicadas ao Direito. Diante do ambiente de tecnologia e inova\u00e7\u00e3o vivido atualmente, o foco do projeto \u00e9 formar profissionais capazes de atuar e entender o novo mercado jur\u00eddico que requer novas habilidades de gerenciamento informacionais.<\/p>\n\n\n\n<p class=\"wp-block-paragraph\"><br>A presen\u00e7a de softwares, sistemas de informa\u00e7\u00e3o computadorizados e o uso de t\u00e9cnicas de algoritmos e intelig\u00eancia artificial \u00e9 uma realidade n\u00e3o apenas no \u00e2mbito jur\u00eddico, mas em todo o mercado de trabalho. Com esses adventos, diversas atividades antes realizadas por profissionais t\u00eam sido automatizadas e otimizadas, uma vez que passaram a ser executadas por m\u00e1quinas em menos tempo e, muitas vezes, com menos falhas.<\/p>\n\n\n\n<p class=\"wp-block-paragraph\"><br>Sob esta perspectiva, o projeto de extens\u00e3o visa atuar em parceria com N\u00facleos de Pr\u00e1tica Jur\u00eddica das Faculdades de Direito. Assim, ser\u00e1 realizado um estudo que inclui acompanhar os fluxos e rotinas de trabalho de um n\u00facleo de assist\u00eancia judici\u00e1ria; mapear os sistemas de infraestrutura legada, bem como sua atualiza\u00e7\u00e3o e manuten\u00e7\u00e3o; propor solu\u00e7\u00f5es em gest\u00e3o de procedimentos; e capacitar alunos de gradua\u00e7\u00e3o em sistemas gerenciais de informa\u00e7\u00e3o adaptados a quest\u00f5es jur\u00eddicas.<\/p>\n\n\n\n<h3 class=\"wp-block-heading\">Objetivos gerais<\/h3>\n\n\n\n<p class=\"wp-block-paragraph\">Desenvolver um conjunto de habilidades e compet\u00eancias em operadores do Direito para as novas demandas organizacionais do mercado jur\u00eddico. Os objetivos do projeto s\u00e3o voltados para capacita\u00e7\u00e3o dos alunos de gradua\u00e7\u00e3o em sistemas gerenciais de informa\u00e7\u00e3o computadorizados concomitantemente ao aperfei\u00e7oamento da sistematiza\u00e7\u00e3o do trabalho prestado pelos N\u00facleos de Pr\u00e1tica Jur\u00eddica \u00e0 toda sociedade.<\/p>\n\n\n\n<h3 class=\"wp-block-heading\">Objetivos espec\u00edficos<\/h3>\n\n\n\n<ul class=\"wp-block-list\">\n<li>Capacitar alunos de gradua\u00e7\u00e3o do direito em sistemas gerenciais de informa\u00e7\u00e3o;<\/li>\n\n\n\n<li>Estudar t\u00e9cnicas de gest\u00e3o;<\/li>\n\n\n\n<li>Estudar capacita\u00e7\u00e3o de pessoas no mercado jur\u00eddico;<\/li>\n\n\n\n<li>Analisar no plano concreto os procedimentos, as pessoas e sistemas envolvidos nos N\u00facleos de Pr\u00e1tica Jur\u00eddica;<\/li>\n\n\n\n<li>Analisar a rotina e fluxos de trabalho;<\/li>\n\n\n\n<li>Propor solu\u00e7\u00f5es em gest\u00e3o de procedimentos e sistemas de informa\u00e7\u00e3o voltados aos N\u00facleos de Pr\u00e1tica Jur\u00eddica;<\/li>\n\n\n\n<li>Mapear sistemas de infraestrutura legada, bem como sua atualiza\u00e7\u00e3o e manuten\u00e7\u00e3o;<\/li>\n\n\n\n<li>Estudar a implanta\u00e7\u00e3o de novos softwares adaptados a quest\u00f5es jur\u00eddicas em N\u00facleos de Assist\u00eancia Judici\u00e1ria, a exemplo da DAJ &#8211; Divis\u00e3o de Assist\u00eancia Judici\u00e1ria da UFMG.<\/li>\n<\/ul>\n\n\n\n<h3 class=\"wp-block-heading\">Metodologia<\/h3>\n\n\n\n<p class=\"wp-block-paragraph\">As principais atividades desenvolvidas pelo projeto ser\u00e3o pr\u00e1ticas. Deste modo, os estudos realizados pelo grupo estar\u00e3o a todo tempo sendo colocados em execu\u00e7\u00e3o atrav\u00e9s da (i) observa\u00e7\u00e3o e acompanhamento dos fluxos de trabalho, (ii) levantamento de requisitos de software para a elabora\u00e7\u00e3o de sistemas, (iii) realiza\u00e7\u00e3o de entrevistas com os personagens envolvidos no processo, (iv) levantamento de necessidades com os administradores das entidades envolvidas, (v) levantamento de outras pr\u00e1ticas de gest\u00e3o em institui\u00e7\u00f5es que realizam atividades semelhantes.<\/p>\n\n\n\n<h3 class=\"wp-block-heading\">Reposit\u00f3rio<\/h3>\n\n\n\n<div class=\"wp-block-columns are-vertically-aligned-center is-layout-flex wp-container-core-columns-is-layout-7387b849 wp-block-columns-is-layout-flex\">\n<div class=\"wp-block-column is-vertically-aligned-center is-layout-flow wp-block-column-is-layout-flow\" style=\"flex-basis:33.33%\">\n<figure class=\"wp-block-image aligncenter size-large\"><img loading=\"lazy\" decoding=\"async\" width=\"150\" height=\"125\" src=\"https:\/\/www.robertonovaes.com.br\/wp-content\/uploads\/2020\/07\/Octocat.png\" alt=\"\" class=\"wp-image-1906\"\/><\/figure>\n<\/div>\n\n\n\n<div class=\"wp-block-column is-vertically-aligned-center is-layout-flow wp-block-column-is-layout-flow\" style=\"flex-basis:66.66%\">\n<p class=\"wp-block-paragraph\"><a href=\"https:\/\/github.com\/gestaolegalufmg\" target=\"_blank\" rel=\"noreferrer noopener\">https:\/\/github.com\/gestaolegalufmg<\/a><\/p>\n<\/div>\n<\/div>\n","protected":false},"excerpt":{"rendered":"<p>Apresenta\u00e7\u00e3o e justificativa O Projeto Gest\u00e3o Legal UFMG tem como objetivo capacitar os alunos de gradua\u00e7\u00e3o em sistemas gerenciais de informa\u00e7\u00e3o, estudando t\u00e9cnicas de gest\u00e3o aplicadas ao Direito. Diante do ambiente de tecnologia e inova\u00e7\u00e3o vivido atualmente, o foco do projeto \u00e9 formar profissionais capazes de atuar e entender o novo mercado jur\u00eddico que requer [&hellip;]<\/p>\n","protected":false},"author":1,"featured_media":0,"parent":0,"menu_order":0,"comment_status":"closed","ping_status":"closed","template":"","meta":{"_crdt_document":"","site-sidebar-layout":"default","site-content-layout":"default","ast-site-content-layout":"default","site-content-style":"default","site-sidebar-style":"default","ast-global-header-display":"","ast-banner-title-visibility":"","ast-main-header-display":"","ast-hfb-above-header-display":"","ast-hfb-below-header-display":"","ast-hfb-mobile-header-display":"","site-post-title":"","ast-breadcrumbs-content":"","ast-featured-img":"","footer-sml-layout":"","ast-disable-related-posts":"","theme-transparent-header-meta":"default","adv-header-id-meta":"","stick-header-meta":"","header-above-stick-meta":"","header-main-stick-meta":"","header-below-stick-meta":"","astra-migrate-meta-layouts":"set","ast-page-background-enabled":"default","ast-page-background-meta":{"desktop":{"background-color":"","background-image":"","background-repeat":"repeat","background-position":"center center","background-size":"auto","background-attachment":"scroll","background-type":"","background-media":"","overlay-type":"","overlay-color":"","overlay-opacity":"","overlay-gradient":""},"tablet":{"background-color":"","background-image":"","background-repeat":"repeat","background-position":"center center","background-size":"auto","background-attachment":"scroll","background-type":"","background-media":"","overlay-type":"","overlay-color":"","overlay-opacity":"","overlay-gradient":""},"mobile":{"background-color":"","background-image":"","background-repeat":"repeat","background-position":"center center","background-size":"auto","background-attachment":"scroll","background-type":"","background-media":"","overlay-type":"","overlay-color":"","overlay-opacity":"","overlay-gradient":""}},"ast-content-background-meta":{"desktop":{"background-color":"var(--ast-global-color-5)","background-image":"","background-repeat":"repeat","background-position":"center center","background-size":"auto","background-attachment":"scroll","background-type":"","background-media":"","overlay-type":"","overlay-color":"","overlay-opacity":"","overlay-gradient":""},"tablet":{"background-color":"var(--ast-global-color-5)","background-image":"","background-repeat":"repeat","background-position":"center center","background-size":"auto","background-attachment":"scroll","background-type":"","background-media":"","overlay-type":"","overlay-color":"","overlay-opacity":"","overlay-gradient":""},"mobile":{"background-color":"var(--ast-global-color-5)","background-image":"","background-repeat":"repeat","background-position":"center center","background-size":"auto","background-attachment":"scroll","background-type":"","background-media":"","overlay-type":"","overlay-color":"","overlay-opacity":"","overlay-gradient":""}},"footnotes":""},"class_list":["post-1860","page","type-page","status-publish","hentry"],"_links":{"self":[{"href":"https:\/\/www.robertonovaes.com.br\/index.php\/wp-json\/wp\/v2\/pages\/1860","targetHints":{"allow":["GET"]}}],"collection":[{"href":"https:\/\/www.robertonovaes.com.br\/index.php\/wp-json\/wp\/v2\/pages"}],"about":[{"href":"https:\/\/www.robertonovaes.com.br\/index.php\/wp-json\/wp\/v2\/types\/page"}],"author":[{"embeddable":true,"href":"https:\/\/www.robertonovaes.com.br\/index.php\/wp-json\/wp\/v2\/users\/1"}],"replies":[{"embeddable":true,"href":"https:\/\/www.robertonovaes.com.br\/index.php\/wp-json\/wp\/v2\/comments?post=1860"}],"version-history":[{"count":13,"href":"https:\/\/www.robertonovaes.com.br\/index.php\/wp-json\/wp\/v2\/pages\/1860\/revisions"}],"predecessor-version":[{"id":3028,"href":"https:\/\/www.robertonovaes.com.br\/index.php\/wp-json\/wp\/v2\/pages\/1860\/revisions\/3028"}],"wp:attachment":[{"href":"https:\/\/www.robertonovaes.com.br\/index.php\/wp-json\/wp\/v2\/media?parent=1860"}],"curies":[{"name":"wp","href":"https:\/\/api.w.org\/{rel}","templated":true}]}}