{"id":1862,"date":"2020-07-05T12:00:43","date_gmt":"2020-07-05T15:00:43","guid":{"rendered":"https:\/\/www.robertonovaes.com.br\/?page_id=1862"},"modified":"2021-05-13T10:26:09","modified_gmt":"2021-05-13T13:26:09","slug":"codigo-da-mata-the-forest-code","status":"publish","type":"page","link":"https:\/\/www.robertonovaes.com.br\/index.php\/codigo-da-mata-the-forest-code\/","title":{"rendered":"C\u00f3digo da Mata &#8211; The Forest Code"},"content":{"rendered":"\n<h2 class=\"wp-block-heading\">Apresenta\u00e7\u00e3o e Escopo do Projeto<\/h2>\n\n\n\n<p class=\"wp-block-paragraph\">Em 2019, o projeto Olhos da Mata do Minist\u00e9rio P\u00fablico do Estado de Mato Grosso recebeu o pr\u00eamio Innovare propondo uma abordagem diferente para a atua\u00e7\u00e3o do Minist\u00e9rio P\u00fablico no combate ao desmatamento ilegal:<\/p>\n\n\n\n<blockquote class=\"wp-block-quote is-layout-flow wp-block-quote-is-layout-flow\"><p>\u201cPretende-se, com a presente pr\u00e1tica, combinar o potencial do instituto jur\u00eddico da invers\u00e3o do \u00f4nus da prova na a\u00e7\u00e3o civil p\u00fablica com o potencial de geotecnologias gratuitas e padronizar uma atua\u00e7\u00e3o proativa e aut\u00f4noma do Minist\u00e9rio P\u00fablico no processamento destas informa\u00e7\u00f5es, visando a coibir o desflorestamento ilegal, isolar e garantir o isolamento de \u00e1reas de il\u00edcitos ambientais em tempo pr\u00f3ximo ao real.<br>Assim, ao receber um alerta GLAD ou VIIRS, cadastrado no e-mail da Promotoria de Justi\u00e7a, a informa\u00e7\u00e3o \u00e9 cruzada com bancos de dados a que o Minist\u00e9rio P\u00fablico possui acesso, o im\u00f3vel e propriet\u00e1rio s\u00e3o identificados e este \u00faltimo \u00e9 notificado pelo correio a cessar o desmatamento n\u00e3o autorizado. Al\u00e9m disso, uma &#8220;cerca eletr\u00f4nica&#8221; (registro da \u00e1rea do im\u00f3vel no GFW) emite alerta em caso de reitera\u00e7\u00e3o.\u201d<\/p><cite>Fonte: <a href=\"https:\/\/www.mpmt.mp.br\/conteudo\/58\/80639\/mpmt-vence-innovare-com-projeto-olhos-da-mata\">https:\/\/www.mpmt.mp.br\/conteudo\/58\/80639\/mpmt-vence-innovare-com-projeto-olhos-da-mata<\/a>  Acesso em 10 mai 2020<\/cite><\/blockquote>\n\n\n\n<p class=\"wp-block-paragraph\">N\u00e3o obstante a efic\u00e1cia da metodologia empregada, um dos pontos do fraco do referido projeto decorre do fato do aumento consider\u00e1vel do n\u00famero de procedimento em \u00f3rg\u00e3os ministeriais que geralmente j\u00e1 sofrem com as defici\u00eancias de pessoal e sobrecarga de servi\u00e7o de muitos \u00f3rg\u00e3os nas regi\u00f5es remotas da Amaz\u00f4nia Legal &#8212; exatamente os lugares em que o desmatamento \u00e9 maior.<\/p>\n\n\n\n<p class=\"wp-block-paragraph\">Diante desse problema (falta de recursos humanos qualificado e necessidade de dar vaz\u00e3o \u00e0 demanda de trabalho gerada pela atua\u00e7\u00e3o direta do Minist\u00e9rio P\u00fablico na investiga\u00e7\u00e3o do desmatamento ilegal) a equipe do projeto, juntamente com novos parceiros, acredita que um grande esfor\u00e7o de automa\u00e7\u00e3o pode ser acrescido no que tange \u00e0 gera\u00e7\u00e3o dos documentos jur\u00eddicos e, futuramente, at\u00e9 mesmo a interliga\u00e7\u00e3o dos sistemas entre \u00f3rg\u00e3os de fiscaliza\u00e7\u00e3o ambiental e \u00f3rg\u00e3os do Sistema de Justi\u00e7a que lidam com os il\u00edcitos c\u00edveis e penais decorrentes do desmatamento ilegal.<\/p>\n\n\n\n<p class=\"wp-block-paragraph\"><br>O presente projeto se constitui a partir de uma equipe interdisciplinar, que abarque profissionais das \u00e1reas jur\u00eddica, de sistemas de informa\u00e7\u00e3o e das ci\u00eancias florestais. Tem por escopo desenvolver e disponibilizar, com o uso de tecnologias livres e abertas, o ferramental tecnol\u00f3gico para que os atores do sistema de prote\u00e7\u00e3o ambiental e do Sistema de Justi\u00e7a automatizem a pr\u00e1tica de atos jur\u00eddicos e administrativos para defesa do meio ambiente relacionados ao desmatamento ilegal.<\/p>\n\n\n\n<h2 class=\"wp-block-heading\">Justificativa<\/h2>\n\n\n\n<p class=\"wp-block-paragraph\">Entretanto, apenas a exist\u00eancia de um conjunto normativo robusto n\u00e3o produz por si s\u00f3 a efic\u00e1cia da prote\u00e7\u00e3o ambiental. A efetividade do direito requer a opera\u00e7\u00e3o de uma s\u00e9rie de \u00f3rg\u00e3os estatais, a conscientiza\u00e7\u00e3o da popula\u00e7\u00e3o, o acesso a informa\u00e7\u00f5es e a participa\u00e7\u00e3o da sociedade civil.<br>J\u00e1 foram apontados os impactos do desmatamento no aquecimento global. (Impact on short-lived climate forcers increases projected warming due to deforestation (doi:10.1038\/s41467-017-02412-4), de C. E. Scott, S. A. Monks, D. V. Spracklen, S. R. Arnold, P. M. Forster, A. Rap, M. \u00c4ij\u00e4l\u00e4, P. Artaxo, K. S. Carslaw, M. P. Chipperfield, M. Ehn, S. Gilardoni, L. Heikkinen, M. Kulmala, T. Pet\u00e4j\u00e4, C. L. S. Reddington, L. V. Rizzo, E. Swietlicki, E. Vignati e C. Wilson, pode ser lido em: www.nature.com\/articles\/s41467-017-02412-4.)<\/p>\n\n\n\n<p class=\"wp-block-paragraph\"> Quando s\u00e3o considerados os impactos do desmatamento para a emiss\u00e3o de gases de efeito estufa, o Brasil figura com o terceiro maior emissor mundial, atr\u00e1s apenas da China e dos EUA (<a href=\"https:\/\/www.theguardian.com\/environment\/2011\/apr\/21\/countries-responsible-climate-change\">https:\/\/www.theguardian.com\/environment\/2011\/apr\/21\/countries-responsible-climate-change<\/a>)<\/p>\n\n\n\n<p class=\"wp-block-paragraph\">Nesse contexto, o problema relativo ao desmatamento ilegal no Brasil ganha destaque j\u00e1 que, por si s\u00f3, \u00e9 a causa respons\u00e1vel por 35% das emiss\u00f5es de gases do efeito estufa (GEE) do pa\u00eds, configurando-se como a atividade de maior impacto nas emiss\u00f5es brasileiras (maior, por exemplo, que as emiss\u00f5es decorrentes de toda a frota nacional de ve\u00edculos automotores). Somada ao uso das \u00e1reas ilegalmente desflorestadas para o uso da pecu\u00e1ria na Amaz\u00f4nia Legal, esse percentual atinge 49% das emiss\u00f5es brasileiras (Leite, 2015).<\/p>\n\n\n\n<p class=\"wp-block-paragraph\">Os atores envolvidos no sistema de prote\u00e7\u00e3o ao meio ambiente incluem diversas entidades estatais e da sociedade civil. Dentre as entidades governamentais destaca-se a atua\u00e7\u00e3o dos Minist\u00e9rios P\u00fablicos, do Poder Judici\u00e1rio, do Ibama e das Secretarias Estaduais de Meio Ambiente.<br>A complexidade e a especificidade da legisla\u00e7\u00e3o ambiental somadas \u00e0 escassez de m\u00e3o de obra especializada, especialmente nas regi\u00f5es mais afetadas pelo desmatamento, com comarcas com grande extens\u00e3o territorial, faz com que os processos administrativos e judiciais, mormente aqueles atinentes ao desmatamento ilegal, n\u00e3o tramitem com a celeridade desejada, dada a enormidade de problemas sociais e feitos priorit\u00e1rios nestas Comarcas (A Comarca de Colniza, por exemplo, com 27.948 km2, \u00e9 maior que os Estados de Sergipe e Alagoas,, contando com apenas um juiz de direito e um promotor de Justi\u00e7a para atender todas as demandas da popula\u00e7\u00e3o, nas quais a demanda ambiental \u00e9 apenas mais uma dentre tantas outras.).<\/p>\n\n\n\n<h2 class=\"wp-block-heading\">Objetivo Geral<\/h2>\n\n\n\n<p class=\"wp-block-paragraph\">Cria\u00e7\u00e3o, integra\u00e7\u00e3o e disponibiliza\u00e7\u00e3o de softwares em c\u00f3digo aberto para automa\u00e7\u00e3o do trabalho administrativo e judicial pertinentes \u00e0 prote\u00e7\u00e3o ambiental e para o compartilhamento de dados e iniciativas entre os atores do Sistema de Justi\u00e7a e \u00f3rg\u00e3os administrativos que atuam em feitos administrativos e judiciais (civis e criminais) relacionados ao desmatamento ilegal.<\/p>\n\n\n\n<h2 class=\"wp-block-heading\">Objetivos Espec\u00edficos<\/h2>\n\n\n\n<p class=\"wp-block-paragraph\">\u2022 Desenvolvimento de uma base documental jur\u00eddica e administrativa em c\u00f3digo aberto para uso dos atores do sistema de prote\u00e7\u00e3o ambiental, no \u00e2mbito do projeto \u201cOlhos da Mata\u201d em Mato Grosso, visando a automa\u00e7\u00e3o do trabalho intelectual relacionado ao processamento de feitos atinentes ao desmatamento ilegal;<br>\u2022 Disponibiliza\u00e7\u00e3o em ferramentas de controle de reposit\u00f3rio dos documentos desenvolvidos para o p\u00fablico em geral.<br>\u2022 Estudo e sele\u00e7\u00e3o das base tecnol\u00f3gica em c\u00f3digo aberto para desenvolvimento dos documentos e sistemas necess\u00e1rios.<br>\u2022 Sele\u00e7\u00e3o de equipe de alunos participantes no desenvolvimento das tecnologias.<br>\u2022 Celebra\u00e7\u00e3o de conv\u00eanios entre a Universidade e os \u00f3rg\u00e3os do sistema de prote\u00e7\u00e3o ao meio ambiente.<\/p>\n\n\n\n<h2 class=\"wp-block-heading\">Refer\u00eancias Bibliogr\u00e1ficas<\/h2>\n\n\n\n<p class=\"wp-block-paragraph\">LEITE, M.; MAISONNAVE, F.; GARCIA, R.; ALMEIDA, S.A.L (2015). Floresta sem fim &#8211; Tudo sobre desmatamento zero. Folha de S\u00e3o Paulo, 16\/09\/2015. Dispon\u00edvel em http:\/\/arte.folha.uol.com.br\/tudo-sobre\/desmatamento-zero\/ . Acessado em 15 de abril de 2019.<br>LAUDON, Kenneth; LAUDON, Jane. Sistemas de Informa\u00e7\u00e3o Gerenciais. 11 ed. S\u00e3o Paulo: Pearson Education do Brasil, 2014.<br>LAWLESS, Robert; ROBBENNOLT, Jennifer; ULEN, Thomas. Empirical Methods in Law. New York: Aspen Publishers, 2010.<br>McKinney, Wes. Python para an\u00e1lise de dados. Tratamento de dados com Pandas, Numpy e IPython. S\u00e3o Paulo: Novatec, 2018.<br>NUNES, Marcelo Guedes. Jurimetria. S\u00e3o Paulo: Thomson Reuters \u2013 Revista dos Tribunais, 2016.<br>SOMMERVILLE, Ian. Engenharia de Software. 8 ed. S\u00e3o Paulo: Pearson Addison-Wesley, 2007.<br>STAIR, Ralph; REYNOLDS, George. Princ\u00edpios de sistemas de informa\u00e7\u00e3o. Tradu\u00e7\u00e3o da 9a edi\u00e7\u00e3o norte-americana. S\u00e3o Paulo: Cengage Learning, 2013.<br>SUSSKIND, Richard. Tomorrow\u2019s Lawyers. An Introduction to your Future. 2nd ed. Oxford: Oxford University Press, 2017.<\/p>\n\n\n\n<h2 class=\"wp-block-heading\">Links do Projeto Olhos da Mata<\/h2>\n\n\n\n<ul class=\"wp-block-list\"><li><a rel=\"noreferrer noopener\" href=\"https:\/\/sites.google.com\/view\/olhosdamata\/p%C3%A1gina-inicial?authuser=0\" target=\"_blank\">Projeto Olhos da Mata (MP-MT)<\/a><\/li><li><a rel=\"noreferrer noopener\" href=\"http:\/\/bit.ly\/manualolhosdamata\" target=\"_blank\">Procedimento operacional padr\u00e3o &#8220;Olhos da Mata&#8221;<\/a><\/li><li><a rel=\"noreferrer noopener\" href=\"http:\/\/codigodamata.consciencia.eco.br\" target=\"_blank\">App C\u00f3digo da Mata<\/a><\/li><li><a rel=\"noreferrer noopener\" href=\"https:\/\/sistemas.ufmg.br\/siex\/AuditarProjeto.do?id=66933\" target=\"_blank\">SIEX &#8211; Sistema de Informa\u00e7\u00e3o da Extens\u00e3o da UFMG<\/a><\/li><\/ul>\n\n\n\n<hr class=\"wp-block-separator\"\/>\n\n\n\n<hr class=\"wp-block-separator\"\/>\n\n\n\n<h2 class=\"wp-block-heading\">Etapas do Projeto<\/h2>\n\n\n\n<h2 class=\"wp-block-heading\" id=\"block-f872fed0-daa9-42a0-aed9-42948b2ded8b\">Etapa 1 &#8211; Documentos Extrajudiciais e Judiciais<\/h2>\n\n\n\n<p class=\"wp-block-paragraph\" id=\"block-16a8ab78-73ff-4e13-a9fa-b00cfc5d1817\">A primeira etapa consiste no desenvolvimento em <a rel=\"noreferrer noopener\" href=\"https:\/\/docassemble.org\/\" target=\"_blank\">Docassemble<\/a>, disponibiliza\u00e7\u00e3o do c\u00f3digo fonte em <a href=\"https:\/\/github.com\/codigodamata\/codigodamata\" target=\"_blank\" rel=\"noreferrer noopener\">organiza\u00e7\u00e3o no GitHub<\/a> de acordo com licen\u00e7a livre e <a rel=\"noreferrer noopener\" href=\"https:\/\/codigodamata.consciencia.eco.br\/\" target=\"_blank\">disponibiliza\u00e7\u00e3o de servidor Docassemble<\/a> de documentos extrajudiciais e judiciais de uso preferencial, mas n\u00e3o exclusivo, do Minist\u00e9rio P\u00fablico no exerc\u00edcio de suas atribui\u00e7\u00f5es de prote\u00e7\u00e3o do meio ambiente.<\/p>\n\n\n\n<p class=\"wp-block-paragraph\" id=\"block-b4d738e8-c469-4f5e-b59c-af97a049c26d\">Consiste, tamb\u00e9m, na cria\u00e7\u00e3o de aplicativo web que disponibilizar\u00e1 a interface de gera\u00e7\u00e3o de documentos e armazenar\u00e1 de modo estruturado relacionamento entre documentos e dados cadastrais.<\/p>\n\n\n\n<p class=\"wp-block-paragraph\" id=\"block-5393bee4-74ab-43a1-8ba2-d6d6b7a2abac\">Abarca, por fim, o desenvolvimento de materiais did\u00e1ticos e cursos de forma\u00e7\u00e3o relativos \u00e0s tecnologias da informa\u00e7\u00e3o e procedimentos jur\u00eddicos utilizados<\/p>\n\n\n\n<h3 class=\"wp-block-heading\" id=\"block-7bb29635-46ba-4d30-95aa-1bfcb4843623\">Desenvolvimento de Documentos<\/h3>\n\n\n\n<ol class=\"wp-block-list\"><li>Os documentos a serem desenvolvidos utilizar\u00e3o <a href=\"https:\/\/github.com\/codigodamata\/codigodamata\" target=\"_blank\" rel=\"noreferrer noopener\">reposit\u00f3rio no GitHub<\/a> e dever\u00e3o constituir um pacote Python v\u00e1lido de acordo com a especifica\u00e7\u00e3o do Docassemble.<\/li><li>Cada documento dever\u00e1 ser cadastrado como novo caso no <a href=\"https:\/\/github.com\/codigodamata\/codigodamata\/issues\" target=\"_blank\" rel=\"noreferrer noopener\">issue tracker do reposit\u00f3rio<\/a> com o t\u00edtulo &#8220;Automa\u00e7\u00e3o de Novo Documento &#8211; [NOME DO DOCUMENTO].<\/li><li>Os exemplos de documentos dever\u00e3o ser anexados ao issue.<\/li><li>Cada issue deve ser atribu\u00eddo para desenvolvimento de um dos participantes do projeto.<\/li><li>Uma vez desenvolvido, o c\u00f3digo fonte ser\u00e1 carregado no <a rel=\"noreferrer noopener\" href=\"https:\/\/app.consciencia.eco.br\/interview?i=docassemble.playground1codigodamata%3Aambiental_01_pagina_inicial.yml#page1\" target=\"_blank\">servidor do projeto <\/a>para teste.<\/li><li>Os resultados do teste dever\u00e3o ser informados no issue.<\/li><li>Aprovado o caso, o link da entrevista ser\u00e1 disponibilizado na listagem de entrevistas a ser definida.<\/li><\/ol>\n\n\n\n<figure class=\"wp-block-image is-resized\" id=\"block-ff0258bd-2cc6-49b8-bb51-4568523d808f\"><img loading=\"lazy\" decoding=\"async\" src=\"https:\/\/www.robertonovaes.com.br\/wp-content\/uploads\/2020\/07\/the-forest-code-issues.png\" alt=\"Esta imagem possu\u00ed um atributo alt vazio; O nome do arquivo \u00e9 the-forest-code-issues.png\" width=\"679\" height=\"517\"\/><figcaption>Exemplo de cadastro de issues<\/figcaption><\/figure>\n\n\n\n<hr class=\"wp-block-separator\"\/>\n\n\n\n<h3 class=\"wp-block-heading\" id=\"block-0ba92a3d-c758-4cc0-a58c-beabdaa4e0a0\">Aplica\u00e7\u00e3o Web<\/h3>\n\n\n\n<p class=\"wp-block-paragraph\" id=\"block-4eecbd73-03ea-4518-aa93-aef74a36b7e3\">Desenvolvimento de aplica\u00e7\u00e3o web que permitir\u00e1 a disponibiliza\u00e7\u00e3o das entrevistas e o registro de dados estruturados (relacionais) pertinentes \u00e0s entidades do dom\u00ednio e armazenamento de dados semi-estruturados (cole\u00e7\u00f5es) informados nos documentos.<\/p>\n\n\n\n<h4 class=\"wp-block-heading\" id=\"block-3ba28050-00bb-4d34-b4dd-ea9018f3c455\">Tecnologias<\/h4>\n\n\n\n<ol class=\"wp-block-list\"><li>App: VueJS + NodeJS, Django + Django Rest Framework.<\/li><li>Infraestrutura: Ubuntu Server, Docker, Gunicorn, Nginx.<\/li><li>Banco de Dados Relacional: Postgres.<\/li><li>Banco de Dados N\u00e3o Relacional: MongoDB<\/li><\/ol>\n\n\n\n<h4 class=\"wp-block-heading\" id=\"block-8b56b10e-e942-4496-b1ac-a67a242b1e17\">Entidades<\/h4>\n\n\n\n<ol class=\"wp-block-list\"><li><strong>Usu\u00e1rio<\/strong> &#8211; Usu\u00e1rio com acesso ao sistema.<\/li><li><strong>Pessoa<\/strong> &#8211; Pessoa fisica ou jur\u00eddica. Pode participar em qualquer posi\u00e7\u00e3o nos documentos a serem gerados. Dados ser\u00e3o usados nos campos dos documentos a serem gerados.<\/li><li><strong>Caso<\/strong> &#8211; Caso judicial ou extrajudicial. Agrega <strong>Pessoas<\/strong> e <strong>Documentos<\/strong>.<\/li><li><strong>Modelo de Documento<\/strong> &#8211; Identifica uma entrevista (interview) no Docassemble.<\/li><li><strong>Documento<\/strong> &#8211; Documento gerado.<\/li><\/ol>\n\n\n\n<figure class=\"wp-block-image size-large is-resized\"><img loading=\"lazy\" decoding=\"async\" src=\"https:\/\/www.robertonovaes.com.br\/wp-content\/uploads\/2020\/07\/The-Forest-Code-V1-1-901x1024.png\" alt=\"\" class=\"wp-image-1938\" width=\"611\" height=\"694\" srcset=\"https:\/\/www.robertonovaes.com.br\/wp-content\/uploads\/2020\/07\/The-Forest-Code-V1-1-901x1024.png 901w, https:\/\/www.robertonovaes.com.br\/wp-content\/uploads\/2020\/07\/The-Forest-Code-V1-1-264x300.png 264w, https:\/\/www.robertonovaes.com.br\/wp-content\/uploads\/2020\/07\/The-Forest-Code-V1-1-768x873.png 768w, https:\/\/www.robertonovaes.com.br\/wp-content\/uploads\/2020\/07\/The-Forest-Code-V1-1-1352x1536.png 1352w, https:\/\/www.robertonovaes.com.br\/wp-content\/uploads\/2020\/07\/The-Forest-Code-V1-1.png 1653w\" sizes=\"auto, (max-width: 611px) 100vw, 611px\" \/><figcaption><a href=\"https:\/\/app.lucidchart.com\/\">https:\/\/app.lucidchart.com\/<\/a><\/figcaption><\/figure>\n\n\n\n<p class=\"wp-block-paragraph\"><\/p>\n\n\n\n<h3 class=\"wp-block-heading\" id=\"block-d781b63b-c8a7-41cc-a7d5-da75b19682d1\">Materiais Did\u00e1ticos<\/h3>\n\n\n\n<h2 class=\"wp-block-heading\" id=\"block-57a2e1a4-bb1d-46bf-bfed-62583179dd9e\">Etapa 2 &#8211; Participa\u00e7\u00e3o Comunit\u00e1ria<\/h2>\n\n\n\n<p class=\"wp-block-paragraph\"><\/p>\n","protected":false},"excerpt":{"rendered":"<p>Apresenta\u00e7\u00e3o e Escopo do Projeto Em 2019, o projeto Olhos da Mata do Minist\u00e9rio P\u00fablico do Estado de Mato Grosso recebeu o pr\u00eamio Innovare propondo uma abordagem diferente para a atua\u00e7\u00e3o do Minist\u00e9rio P\u00fablico no combate ao desmatamento ilegal: \u201cPretende-se, com a presente pr\u00e1tica, combinar o potencial do instituto jur\u00eddico da invers\u00e3o do \u00f4nus da [&hellip;]<\/p>\n","protected":false},"author":1,"featured_media":0,"parent":0,"menu_order":0,"comment_status":"closed","ping_status":"closed","template":"","meta":{"_crdt_document":"","site-sidebar-layout":"default","site-content-layout":"default","ast-site-content-layout":"default","site-content-style":"default","site-sidebar-style":"default","ast-global-header-display":"","ast-banner-title-visibility":"","ast-main-header-display":"","ast-hfb-above-header-display":"","ast-hfb-below-header-display":"","ast-hfb-mobile-header-display":"","site-post-title":"","ast-breadcrumbs-content":"","ast-featured-img":"","footer-sml-layout":"","ast-disable-related-posts":"","theme-transparent-header-meta":"default","adv-header-id-meta":"","stick-header-meta":"","header-above-stick-meta":"","header-main-stick-meta":"","header-below-stick-meta":"","astra-migrate-meta-layouts":"default","ast-page-background-enabled":"default","ast-page-background-meta":{"desktop":{"background-color":"","background-image":"","background-repeat":"repeat","background-position":"center center","background-size":"auto","background-attachment":"scroll","background-type":"","background-media":"","overlay-type":"","overlay-color":"","overlay-opacity":"","overlay-gradient":""},"tablet":{"background-color":"","background-image":"","background-repeat":"repeat","background-position":"center center","background-size":"auto","background-attachment":"scroll","background-type":"","background-media":"","overlay-type":"","overlay-color":"","overlay-opacity":"","overlay-gradient":""},"mobile":{"background-color":"","background-image":"","background-repeat":"repeat","background-position":"center center","background-size":"auto","background-attachment":"scroll","background-type":"","background-media":"","overlay-type":"","overlay-color":"","overlay-opacity":"","overlay-gradient":""}},"ast-content-background-meta":{"desktop":{"background-color":"var(--ast-global-color-5)","background-image":"","background-repeat":"repeat","background-position":"center center","background-size":"auto","background-attachment":"scroll","background-type":"","background-media":"","overlay-type":"","overlay-color":"","overlay-opacity":"","overlay-gradient":""},"tablet":{"background-color":"var(--ast-global-color-5)","background-image":"","background-repeat":"repeat","background-position":"center center","background-size":"auto","background-attachment":"scroll","background-type":"","background-media":"","overlay-type":"","overlay-color":"","overlay-opacity":"","overlay-gradient":""},"mobile":{"background-color":"var(--ast-global-color-5)","background-image":"","background-repeat":"repeat","background-position":"center center","background-size":"auto","background-attachment":"scroll","background-type":"","background-media":"","overlay-type":"","overlay-color":"","overlay-opacity":"","overlay-gradient":""}},"footnotes":""},"class_list":["post-1862","page","type-page","status-publish","hentry"],"_links":{"self":[{"href":"https:\/\/www.robertonovaes.com.br\/index.php\/wp-json\/wp\/v2\/pages\/1862","targetHints":{"allow":["GET"]}}],"collection":[{"href":"https:\/\/www.robertonovaes.com.br\/index.php\/wp-json\/wp\/v2\/pages"}],"about":[{"href":"https:\/\/www.robertonovaes.com.br\/index.php\/wp-json\/wp\/v2\/types\/page"}],"author":[{"embeddable":true,"href":"https:\/\/www.robertonovaes.com.br\/index.php\/wp-json\/wp\/v2\/users\/1"}],"replies":[{"embeddable":true,"href":"https:\/\/www.robertonovaes.com.br\/index.php\/wp-json\/wp\/v2\/comments?post=1862"}],"version-history":[{"count":21,"href":"https:\/\/www.robertonovaes.com.br\/index.php\/wp-json\/wp\/v2\/pages\/1862\/revisions"}],"predecessor-version":[{"id":2480,"href":"https:\/\/www.robertonovaes.com.br\/index.php\/wp-json\/wp\/v2\/pages\/1862\/revisions\/2480"}],"wp:attachment":[{"href":"https:\/\/www.robertonovaes.com.br\/index.php\/wp-json\/wp\/v2\/media?parent=1862"}],"curies":[{"name":"wp","href":"https:\/\/api.w.org\/{rel}","templated":true}]}}