{"id":241,"date":"2018-07-17T15:19:12","date_gmt":"2018-07-17T18:19:12","guid":{"rendered":"https:\/\/www.robertonovaes.com.br\/?page_id=241"},"modified":"2018-07-17T15:19:12","modified_gmt":"2018-07-17T18:19:12","slug":"meetup-law-technology","status":"publish","type":"page","link":"https:\/\/www.robertonovaes.com.br\/index.php\/meetup-law-technology\/","title":{"rendered":"Meetup Law &#038; Technology"},"content":{"rendered":"<p>O <a href=\"https:\/\/www.meetup.com\/Belo-Horizonte-Law-Technology-Meetup\/\" target=\"_blank\" rel=\"noopener\">Meetup Law &amp; Technology<\/a> \u00e9 um projeto de extens\u00e3o do NErD &#8211; N\u00facleo de Empreendedorismo e Direito da Faculdade de Direito e Ci\u00eancias do Estado da UFMG.<\/p>\n<p>Tem por objetivo fomentar discuss\u00f5es sobre os impactos da tecnologia no direito. Aborda principalmente, a an\u00e1lise de softwares, inova\u00e7\u00f5es tecnol\u00f3gicas, novas formas de organiza\u00e7\u00e3o do trabalho jur\u00eddico e novos modelos de neg\u00f3cio para o direito.<\/p>\n<p>O p\u00fablico alvo s\u00e3o profissionais e estudantes de direito, administra\u00e7\u00e3o e neg\u00f3cios, computa\u00e7\u00e3o, fundadores e colaboradores de startups jur\u00eddicas, empreendedores e amantes da tecnologia.<\/p>\n<p>O Meetup \u00e9 gratuito e a participa\u00e7\u00e3o \u00e9 aberta a todos os interessados.<\/p>\n<p>Sua realiza\u00e7\u00e3o \u00e9 bimestral, no primeiro s\u00e1bado a cada dois meses.<\/p>\n","protected":false},"excerpt":{"rendered":"<p>O Meetup Law &amp; Technology \u00e9 um projeto de extens\u00e3o do NErD &#8211; N\u00facleo de Empreendedorismo e Direito da Faculdade de Direito e Ci\u00eancias do Estado da UFMG. Tem por objetivo fomentar discuss\u00f5es sobre os impactos da tecnologia no direito. Aborda principalmente, a an\u00e1lise de softwares, inova\u00e7\u00f5es tecnol\u00f3gicas, novas formas de organiza\u00e7\u00e3o do trabalho jur\u00eddico [&hellip;]<\/p>\n","protected":false},"author":1,"featured_media":242,"parent":0,"menu_order":0,"comment_status":"closed","ping_status":"closed","template":"","meta":{"_crdt_document":"","site-sidebar-layout":"default","site-content-layout":"","ast-site-content-layout":"default","site-content-style":"default","site-sidebar-style":"default","ast-global-header-display":"","ast-banner-title-visibility":"","ast-main-header-display":"","ast-hfb-above-header-display":"","ast-hfb-below-header-display":"","ast-hfb-mobile-header-display":"","site-post-title":"","ast-breadcrumbs-content":"","ast-featured-img":"","footer-sml-layout":"","ast-disable-related-posts":"","theme-transparent-header-meta":"","adv-header-id-meta":"","stick-header-meta":"","header-above-stick-meta":"","header-main-stick-meta":"","header-below-stick-meta":"","astra-migrate-meta-layouts":"default","ast-page-background-enabled":"default","ast-page-background-meta":{"desktop":{"background-color":"","background-image":"","background-repeat":"repeat","background-position":"center center","background-size":"auto","background-attachment":"scroll","background-type":"","background-media":"","overlay-type":"","overlay-color":"","overlay-opacity":"","overlay-gradient":""},"tablet":{"background-color":"","background-image":"","background-repeat":"repeat","background-position":"center center","background-size":"auto","background-attachment":"scroll","background-type":"","background-media":"","overlay-type":"","overlay-color":"","overlay-opacity":"","overlay-gradient":""},"mobile":{"background-color":"","background-image":"","background-repeat":"repeat","background-position":"center center","background-size":"auto","background-attachment":"scroll","background-type":"","background-media":"","overlay-type":"","overlay-color":"","overlay-opacity":"","overlay-gradient":""}},"ast-content-background-meta":{"desktop":{"background-color":"var(--ast-global-color-5)","background-image":"","background-repeat":"repeat","background-position":"center center","background-size":"auto","background-attachment":"scroll","background-type":"","background-media":"","overlay-type":"","overlay-color":"","overlay-opacity":"","overlay-gradient":""},"tablet":{"background-color":"var(--ast-global-color-5)","background-image":"","background-repeat":"repeat","background-position":"center center","background-size":"auto","background-attachment":"scroll","background-type":"","background-media":"","overlay-type":"","overlay-color":"","overlay-opacity":"","overlay-gradient":""},"mobile":{"background-color":"var(--ast-global-color-5)","background-image":"","background-repeat":"repeat","background-position":"center center","background-size":"auto","background-attachment":"scroll","background-type":"","background-media":"","overlay-type":"","overlay-color":"","overlay-opacity":"","overlay-gradient":""}},"footnotes":""},"class_list":["post-241","page","type-page","status-publish","has-post-thumbnail","hentry"],"_links":{"self":[{"href":"https:\/\/www.robertonovaes.com.br\/index.php\/wp-json\/wp\/v2\/pages\/241","targetHints":{"allow":["GET"]}}],"collection":[{"href":"https:\/\/www.robertonovaes.com.br\/index.php\/wp-json\/wp\/v2\/pages"}],"about":[{"href":"https:\/\/www.robertonovaes.com.br\/index.php\/wp-json\/wp\/v2\/types\/page"}],"author":[{"embeddable":true,"href":"https:\/\/www.robertonovaes.com.br\/index.php\/wp-json\/wp\/v2\/users\/1"}],"replies":[{"embeddable":true,"href":"https:\/\/www.robertonovaes.com.br\/index.php\/wp-json\/wp\/v2\/comments?post=241"}],"version-history":[{"count":1,"href":"https:\/\/www.robertonovaes.com.br\/index.php\/wp-json\/wp\/v2\/pages\/241\/revisions"}],"predecessor-version":[{"id":243,"href":"https:\/\/www.robertonovaes.com.br\/index.php\/wp-json\/wp\/v2\/pages\/241\/revisions\/243"}],"wp:featuredmedia":[{"embeddable":true,"href":"https:\/\/www.robertonovaes.com.br\/index.php\/wp-json\/wp\/v2\/media\/242"}],"wp:attachment":[{"href":"https:\/\/www.robertonovaes.com.br\/index.php\/wp-json\/wp\/v2\/media?parent=241"}],"curies":[{"name":"wp","href":"https:\/\/api.w.org\/{rel}","templated":true}]}}