{"id":2599,"date":"2022-08-16T14:33:06","date_gmt":"2022-08-16T17:33:06","guid":{"rendered":"https:\/\/www.robertonovaes.com.br\/?page_id=2599"},"modified":"2022-09-25T11:24:12","modified_gmt":"2022-09-25T14:24:12","slug":"topicos-em-filosofia-do-direito-a-sistemas-computacionais-e-protecao-dos-direitos-fundamentais","status":"publish","type":"page","link":"https:\/\/www.robertonovaes.com.br\/index.php\/topicos-em-filosofia-do-direito-a-sistemas-computacionais-e-protecao-dos-direitos-fundamentais\/","title":{"rendered":"T\u00f3picos em Filosofia do Direito A &#8211; Sistemas Computacionais e Prote\u00e7\u00e3o dos Direitos Fundamentais"},"content":{"rendered":"\n<h1 class=\"wp-block-heading\">Ementa<\/h1>\n\n\n\n<p class=\"wp-block-paragraph\">Conceitos de sistemas de informa\u00e7\u00e3o gerencial e sistemas de informa\u00e7\u00e3o jur\u00eddica. Modelos de servi\u00e7o jur\u00eddico. Conceitos de linguagem de programa\u00e7\u00e3o. A linguagem de programa\u00e7\u00e3o Python. Ambientes de desenvolvimento. Versionamento de c\u00f3digo. GIT. Desenvolvimento web. HTML e CSS. Bancos de Dados. SQL. Estrutura\u00e7\u00e3o de bancos de dados jur\u00eddicos. Frameworks de desenvolvimento. Implanta\u00e7\u00e3o de sistemas gerenciais jur\u00eddicos. Treinamento dos usu\u00e1rios internos e externos. Corre\u00e7\u00e3o de erros e elabora\u00e7\u00e3o de manuais. A disciplina est\u00e1 relacionada ao projeto de Extens\u00e3o Gest\u00e3o Legal (SIEX 403565) e compreende atividades pr\u00e1ticas de aplica\u00e7\u00e3o dos conhecimentos e relacionamento com a comunidade atendida.<\/p>\n\n\n\n<h1 class=\"wp-block-heading\">Objetivos<\/h1>\n\n\n\n<pre class=\"wp-block-code\"><code>\u2022 Apresentar ao aluno os principais tipos e sistemas de informa\u00e7\u00e3o gerenciais voltados \u00e0 \u00e1rea jur\u00eddica e p\u00fablica\n\u2022 Conhecer os principais conceitos de linguagens de programa\u00e7\u00e3o\n\u2022 Configurar e utilizar ambiente de desenvolvimento de sistemas de informa\u00e7\u00e3o gerenciais\n\u2022 Configurar e utilizar sistema de reposit\u00f3rio de c\u00f3digo fonte\n\u2022 Estruturar e manusear sistema de banco de dados relacional estruturado para informa\u00e7\u00f5es jur\u00eddicas e do setor p\u00fablico\n\u2022 Testar um sistema de informa\u00e7\u00e3o gerencial jur\u00eddico e do setor p\u00fablico\n\u2022 Identificar e corrigir erros em sistema de informa\u00e7\u00e3o gerencial jur\u00eddico e do setor p\u00fablico\n\u2022 Propor e desenhar novas funcionalidades em sistema de informa\u00e7\u00e3o gerencial jur\u00eddico e do setor p\u00fablico\n\u2022 Elaborar manuais de gest\u00e3o e processos em sistema de informa\u00e7\u00e3o gerencial jur\u00eddico e do setor p\u00fablico\n\u2022 Capacitar o aluno no uso, suporte e treinamento de sistema de informa\u00e7\u00e3o gerencial jur\u00eddico e do setor p\u00fablico<\/code><\/pre>\n\n\n\n<figure class=\"wp-block-table\"><table><tbody><tr><td>N<\/td><td>Data<\/td><td>Link<\/td><\/tr><tr><td>01<\/td><td>22\/08\/2022<\/td><td><a rel=\"noreferrer noopener\" href=\"https:\/\/www.robertonovaes.com.br\/index.php\/2022\/08\/16\/apresentacao-da-disciplina\/\" target=\"_blank\">Apresenta\u00e7\u00e3o da Disciplina<\/a><\/td><\/tr><tr><td>02<\/td><td>29\/08\/2022<\/td><td><a href=\"https:\/\/www.robertonovaes.com.br\/index.php\/2022\/08\/16\/aula-2-introducao-a-programacao\/\" data-type=\"URL\" data-id=\"https:\/\/www.robertonovaes.com.br\/index.php\/2022\/08\/16\/aula-2-introducao-a-programacao\/\" target=\"_blank\" rel=\"noreferrer noopener\">Introdu\u00e7\u00e3o \u00e0 Programa\u00e7\u00e3o<\/a><\/td><\/tr><tr><td>03<\/td><td>05\/09\/2022<\/td><td><a rel=\"noreferrer noopener\" href=\"https:\/\/www.robertonovaes.com.br\/index.php\/2022\/08\/16\/aula-3-introducao-ao-python\/\" data-type=\"URL\" data-id=\"https:\/\/www.robertonovaes.com.br\/index.php\/2022\/08\/16\/aula-3-introducao-ao-python\/\" target=\"_blank\">Introdu\u00e7\u00e3o ao Python | Parte 1<\/a><\/td><\/tr><tr><td>04<\/td><td>12\/09\/2022<\/td><td><a href=\"https:\/\/www.robertonovaes.com.br\/index.php\/2022\/08\/16\/aula-4-introducao-ao-python-parte-2\/\" data-type=\"URL\" data-id=\"https:\/\/www.robertonovaes.com.br\/index.php\/2022\/08\/16\/aula-4-introducao-ao-python-parte-2\/\" target=\"_blank\" rel=\"noreferrer noopener\">Introdu\u00e7\u00e3o ao Python | Parte 2<\/a><\/td><\/tr><tr><td>05<\/td><td>19\/09\/2022<\/td><td><a href=\"https:\/\/www.robertonovaes.com.br\/index.php\/2022\/08\/16\/aula-5-introducao-ao-python-parte-3\/\" data-type=\"URL\" data-id=\"https:\/\/www.robertonovaes.com.br\/index.php\/2022\/08\/16\/aula-5-introducao-ao-python-parte-3\/\" target=\"_blank\" rel=\"noreferrer noopener\">Introdu\u00e7\u00e3o ao Python | Parte 3<\/a><\/td><\/tr><tr><td>06<\/td><td>26\/09\/2022<\/td><td><em>sem aula<\/em><\/td><\/tr><tr><td>07<\/td><td>03\/10\/2022<\/td><td><a rel=\"noreferrer noopener\" href=\"https:\/\/www.robertonovaes.com.br\/index.php\/2022\/08\/16\/aula-6-scrum-e-github\/\" target=\"_blank\">Scrum e Github<\/a><\/td><\/tr><tr><td>08<\/td><td>10\/10\/2022<\/td><td><a rel=\"noreferrer noopener\" href=\"https:\/\/www.robertonovaes.com.br\/index.php\/2022\/08\/16\/aula-7-sistemas-de-bancos-de-dados-relacionais-parte-1\/\" target=\"_blank\">Sistemas de Bancos de Dados Relacionais | Parte 1<\/a><\/td><\/tr><tr><td>09<\/td><td>17\/10\/2022<\/td><td><a rel=\"noreferrer noopener\" href=\"https:\/\/www.robertonovaes.com.br\/index.php\/2022\/08\/16\/aula-8-sistemas-de-bancos-de-dados-relacionais-parte-2\/\" target=\"_blank\">Sistemas de Bancos de Dados Relacionais | Parte 2<\/a><\/td><\/tr><tr><td>10<\/td><td>24\/10\/2022<\/td><td><a rel=\"noreferrer noopener\" href=\"https:\/\/www.robertonovaes.com.br\/index.php\/2022\/08\/16\/aula-9-desenvolvimento-web-parte-1\/\" target=\"_blank\">Desenvolvimento Web | Parte 1<\/a><\/td><\/tr><tr><td>11<\/td><td>31\/10\/2022<\/td><td><a rel=\"noreferrer noopener\" href=\"https:\/\/www.robertonovaes.com.br\/index.php\/2022\/08\/16\/aula-10-desenvolvimento-web-parte-2\/\" target=\"_blank\">Desenvolvimento Web | Parte 2<\/a><\/td><\/tr><tr><td>12<\/td><td>07\/11\/2022<\/td><td>A definir<\/td><\/tr><tr><td><\/td><td>14\/11\/2022<\/td><td>Feriado Proclama\u00e7\u00e3o da Rep\u00fablica<\/td><\/tr><tr><td>13<\/td><td>21\/11\/2022<\/td><td>A definir<\/td><\/tr><tr><td>14<\/td><td>28\/11\/2022<\/td><td>A definir<\/td><\/tr><tr><td>15<\/td><td>05\/12\/2022<\/td><td>A definir<\/td><\/tr><\/tbody><\/table><\/figure>\n","protected":false},"excerpt":{"rendered":"<p>Ementa Conceitos de sistemas de informa\u00e7\u00e3o gerencial e sistemas de informa\u00e7\u00e3o jur\u00eddica. Modelos de servi\u00e7o jur\u00eddico. Conceitos de linguagem de programa\u00e7\u00e3o. A linguagem de programa\u00e7\u00e3o Python. Ambientes de desenvolvimento. Versionamento de c\u00f3digo. GIT. Desenvolvimento web. HTML e CSS. Bancos de Dados. SQL. Estrutura\u00e7\u00e3o de bancos de dados jur\u00eddicos. Frameworks de desenvolvimento. Implanta\u00e7\u00e3o de sistemas gerenciais [&hellip;]<\/p>\n","protected":false},"author":1,"featured_media":0,"parent":0,"menu_order":0,"comment_status":"closed","ping_status":"closed","template":"","meta":{"_crdt_document":"","site-sidebar-layout":"default","site-content-layout":"","ast-site-content-layout":"default","site-content-style":"default","site-sidebar-style":"default","ast-global-header-display":"","ast-banner-title-visibility":"","ast-main-header-display":"","ast-hfb-above-header-display":"","ast-hfb-below-header-display":"","ast-hfb-mobile-header-display":"","site-post-title":"","ast-breadcrumbs-content":"","ast-featured-img":"","footer-sml-layout":"","ast-disable-related-posts":"","theme-transparent-header-meta":"","adv-header-id-meta":"","stick-header-meta":"","header-above-stick-meta":"","header-main-stick-meta":"","header-below-stick-meta":"","astra-migrate-meta-layouts":"default","ast-page-background-enabled":"default","ast-page-background-meta":{"desktop":{"background-color":"","background-image":"","background-repeat":"repeat","background-position":"center center","background-size":"auto","background-attachment":"scroll","background-type":"","background-media":"","overlay-type":"","overlay-color":"","overlay-opacity":"","overlay-gradient":""},"tablet":{"background-color":"","background-image":"","background-repeat":"repeat","background-position":"center center","background-size":"auto","background-attachment":"scroll","background-type":"","background-media":"","overlay-type":"","overlay-color":"","overlay-opacity":"","overlay-gradient":""},"mobile":{"background-color":"","background-image":"","background-repeat":"repeat","background-position":"center center","background-size":"auto","background-attachment":"scroll","background-type":"","background-media":"","overlay-type":"","overlay-color":"","overlay-opacity":"","overlay-gradient":""}},"ast-content-background-meta":{"desktop":{"background-color":"var(--ast-global-color-5)","background-image":"","background-repeat":"repeat","background-position":"center center","background-size":"auto","background-attachment":"scroll","background-type":"","background-media":"","overlay-type":"","overlay-color":"","overlay-opacity":"","overlay-gradient":""},"tablet":{"background-color":"var(--ast-global-color-5)","background-image":"","background-repeat":"repeat","background-position":"center center","background-size":"auto","background-attachment":"scroll","background-type":"","background-media":"","overlay-type":"","overlay-color":"","overlay-opacity":"","overlay-gradient":""},"mobile":{"background-color":"var(--ast-global-color-5)","background-image":"","background-repeat":"repeat","background-position":"center center","background-size":"auto","background-attachment":"scroll","background-type":"","background-media":"","overlay-type":"","overlay-color":"","overlay-opacity":"","overlay-gradient":""}},"footnotes":""},"class_list":["post-2599","page","type-page","status-publish","hentry"],"_links":{"self":[{"href":"https:\/\/www.robertonovaes.com.br\/index.php\/wp-json\/wp\/v2\/pages\/2599","targetHints":{"allow":["GET"]}}],"collection":[{"href":"https:\/\/www.robertonovaes.com.br\/index.php\/wp-json\/wp\/v2\/pages"}],"about":[{"href":"https:\/\/www.robertonovaes.com.br\/index.php\/wp-json\/wp\/v2\/types\/page"}],"author":[{"embeddable":true,"href":"https:\/\/www.robertonovaes.com.br\/index.php\/wp-json\/wp\/v2\/users\/1"}],"replies":[{"embeddable":true,"href":"https:\/\/www.robertonovaes.com.br\/index.php\/wp-json\/wp\/v2\/comments?post=2599"}],"version-history":[{"count":14,"href":"https:\/\/www.robertonovaes.com.br\/index.php\/wp-json\/wp\/v2\/pages\/2599\/revisions"}],"predecessor-version":[{"id":2694,"href":"https:\/\/www.robertonovaes.com.br\/index.php\/wp-json\/wp\/v2\/pages\/2599\/revisions\/2694"}],"wp:attachment":[{"href":"https:\/\/www.robertonovaes.com.br\/index.php\/wp-json\/wp\/v2\/media?parent=2599"}],"curies":[{"name":"wp","href":"https:\/\/api.w.org\/{rel}","templated":true}]}}