{"id":3085,"date":"2024-09-24T11:37:47","date_gmt":"2024-09-24T14:37:47","guid":{"rendered":"https:\/\/www.robertonovaes.com.br\/?page_id=3085"},"modified":"2025-08-11T10:59:38","modified_gmt":"2025-08-11T13:59:38","slug":"ferramentas-de-pesquisa","status":"publish","type":"page","link":"https:\/\/www.robertonovaes.com.br\/index.php\/ferramentas-de-pesquisa\/","title":{"rendered":"Ferramentas de Pesquisa"},"content":{"rendered":"\n<h2 class=\"wp-block-heading\">Indispens\u00e1veis<\/h2>\n\n\n\n<ul class=\"wp-block-list\">\n<li><a href=\"https:\/\/www.robertonovaes.com.br\/wp-content\/uploads\/2024\/09\/ABNT-NBR-6023-2020-corrigida.pdf\" target=\"_blank\" rel=\"noreferrer noopener nofollow\">ABNT 6023<\/a> &#8211; Norma para refer\u00eancias bibliogr\u00e1ficas<\/li>\n\n\n\n<li><a href=\"https:\/\/www.robertonovaes.com.br\/wp-content\/uploads\/2024\/09\/2023_abnt-10520-citacoes.pdf\" target=\"_blank\" rel=\"noreferrer noopener nofollow\">ABNT 10520<\/a> &#8211; Norma para cita\u00e7\u00f5es<\/li>\n\n\n\n<li><a href=\"https:\/\/www.bibliometrix.org\/vignettes\/Introduction_to_bibliometrix.html\" target=\"_blank\" rel=\"noreferrer noopener\">Bibliometrix<\/a> &#8211; Bibliometrix is a package for the R statistical programming language for quantitative research in scientometrics and bibliometrics.Massimo Aria and Corrado Cuccurullo &#8211; A brief introduction to bibliometrix<\/li>\n\n\n\n<li><a href=\"https:\/\/obsidian.md\/\" target=\"_blank\" rel=\"noreferrer noopener nofollow\">Obsidian<\/a> &#8211; Obsidian is the private and flexible writing app that adapts to the way&nbsp;you&nbsp;think.<\/li>\n\n\n\n<li><a href=\"https:\/\/www.periodicos.capes.gov.br\/\" target=\"_blank\" rel=\"noreferrer noopener\">Portal de Peri\u00f3dicos da Capes<\/a> &#8211; Um dos maiores acervos cient\u00edficos virtuais do Pa\u00eds, que re\u00fane e disponibiliza conte\u00fados produzidos nacionalmente e outros assinados com editoras internacionais a institui\u00e7\u00f5es de ensino e pesquisa no Brasil. S\u00e3o&nbsp;milhares de peri\u00f3dicos cient\u00edficos de texto completo e centenas de bases de dados de conte\u00fados diversos, como artigos, refer\u00eancias, patentes, estat\u00edsticas, material audiovisual, normas t\u00e9cnicas, teses, disserta\u00e7\u00f5es, livros e obras de refer\u00eancia.<\/li>\n\n\n\n<li><a href=\"https:\/\/www.prisma-statement.org\/\" target=\"_blank\" rel=\"noreferrer noopener\">Prisma Guidelines<\/a> &#8211; The PRISMA (Preferred Reporting Items for Systematic reviews and Meta-Analyses) reporting guidelines are designed to improve the reporting of systematic reviews. PRISMA assists authors to completely report why their systematic review was done, what methods they used, and what they found. The main PRISMA reporting guideline (the PRISMA 2020 statement) primarily provides guidance for the reporting of systematic reviews evaluating the effects of interventions. PRISMA 2020 is complemented by various PRISMA extensions, which provide guidance for the reporting of different types or aspects of systematic reviews and other types of evidence synthesis (e.g. scoping reviews).<\/li>\n\n\n\n<li><a href=\"https:\/\/posit.co\/download\/rstudio-desktop\/\" target=\"_blank\" rel=\"noreferrer noopener\">R-Studio<\/a> &#8211; Used by millions of people weekly, the RStudio integrated development environment (IDE) is a set of tools built to help you be more productive with R and Python.<\/li>\n\n\n\n<li><a href=\"https:\/\/www.scielo.br\/\" target=\"_blank\" rel=\"noreferrer noopener\">Scientific Electronic Library Online&nbsp;(SciELO)<\/a> &#8211;  Biblioteca Eletr\u00f4nica Cient\u00edfica Online, \u00e9 uma biblioteca digital de livre acesso e um projeto cooperativo de publica\u00e7\u00e3o digital de peri\u00f3dicos cient\u00edficos.<\/li>\n\n\n\n<li><a href=\"https:\/\/www.elsevier.com\/products\/scopus\" target=\"_blank\" rel=\"noreferrer noopener nofollow\">Scopus<\/a> &#8211; Comprehensive, multidisciplinary, trusted abstract and citation database &#8211; <a href=\"https:\/\/www.periodicos.capes.gov.br\/\" target=\"_blank\" rel=\"noreferrer noopener\">Acesso via Portal Capes<\/a><\/li>\n\n\n\n<li><a href=\"https:\/\/clarivate.com\/academia-government\/scientific-and-academic-research\/research-discovery-and-referencing\/web-of-science\/?utm_medium=Referral&amp;utm_source=en-wikipedia-org\" target=\"_blank\" rel=\"noreferrer noopener\">Web of Science<\/a> &#8211; The&nbsp;<strong>Web of Science<\/strong>&nbsp;(<strong>WoS<\/strong>; previously known as&nbsp;<strong>Web of Knowledge<\/strong>) is a paid-access platform that provides (typically via the internet) access to multiple databases that provide reference and citation data from&nbsp;academic journals,&nbsp;conference proceedings, and other documents in various&nbsp;academic disciplines.  &#8211; <a href=\"https:\/\/www.periodicos.capes.gov.br\/\" target=\"_blank\" rel=\"noreferrer noopener\">Acesso via Portal Capes<\/a><\/li>\n\n\n\n<li><a href=\"https:\/\/www.zotero.org\/\" target=\"_blank\" rel=\"noreferrer noopener\">Zotero <\/a>&#8211; Zotero is a free, easy-to-use tool to help youcollect, organize, annotate, cite, and share research. Complementos\uff1a <a href=\"https:\/\/retorque.re\/zotero-better-bibtex\/\" target=\"_blank\" rel=\"noreferrer noopener\">Zotero BetterBibTex Plugin<\/a> <a href=\"https:\/\/www.zotero.org\/styles?q=abnt\" target=\"_blank\" rel=\"noreferrer noopener\">Zotero CSL Style Repository &#8211; ABNT<\/a> &#8211; <a href=\"https:\/\/www.zotero.org\/support\/dev\/citation_styles\/style_editing_step-by-step\">Zotero CSL Style Editor Step-by-step guide<\/a><\/li>\n<\/ul>\n\n\n\n<h2 class=\"wp-block-heading\">Outras Ferramentas<\/h2>\n\n\n\n<ul class=\"wp-block-list\">\n<li><a href=\"https:\/\/www.bibtex.org\/\" target=\"_blank\" rel=\"noreferrer noopener\">BibTex<\/a> &#8211; a tool and a file format which are used to describe and process lists of references, mostly in conjunction with LaTeX documents.<\/li>\n\n\n\n<li><a href=\"https:\/\/www.connectedpapers.com\/\" target=\"_blank\" rel=\"noreferrer noopener nofollow\">Connected Papers<\/a> &#8211; Explore connected papers in a visual graph.<\/li>\n\n\n\n<li><a href=\"https:\/\/consensus.app\/\" target=\"_blank\" rel=\"noreferrer noopener\">Consensus<\/a> &#8211; Consensus is the AI-powered academic search engine Search &amp; analyze200M+ peerreviewed research papers<img decoding=\"async\" src=\"https:\/\/consensus.app\/icons\/quote-bubble.svg\" alt=\"quote bubble\"><\/li>\n\n\n\n<li><a href=\"https:\/\/www.lens.org\/\" target=\"_blank\" rel=\"noreferrer noopener nofollow\">Lens.org<\/a> &#8211; Explore global science and technology knowledge<\/li>\n\n\n\n<li><a href=\"https:\/\/www.litmaps.com\/\" target=\"_blank\" rel=\"noreferrer noopener nofollow\">Litmaps<\/a> &#8211; Discover the world of Scientific Literature<\/li>\n\n\n\n<li><a href=\"https:\/\/openaccessbutton.org\/\" target=\"_blank\" rel=\"noreferrer noopener nofollow\">Open Access Button<\/a> &#8211; Free, legal research articles delivered instantly or automatically requested from authors.<\/li>\n\n\n\n<li><a href=\"https:\/\/www.researchrabbit.ai\/\" target=\"_blank\" rel=\"noreferrer noopener nofollow\">Research Rabbit<\/a> &#8211; We\u2019re rethinking everything: literature search, alerts, and more<\/li>\n\n\n\n<li><a href=\"https:\/\/typeset.io\/\" target=\"_blank\" rel=\"noreferrer noopener nofollow\">Scispace<\/a> &#8211; The Fastest Research Platform Ever.<\/li>\n\n\n\n<li><a href=\"https:\/\/www.scholarcy.com\/\" target=\"_blank\" rel=\"noreferrer noopener nofollow\">Scolarcy<\/a> &#8211; Summarize, analyze and organize your research<\/li>\n\n\n\n<li><a href=\"https:\/\/www.semanticscholar.org\/\" target=\"_blank\" rel=\"noreferrer noopener nofollow\">Semantic Scholar<\/a> &#8211; A free, AI-powered research tool for scientific literature<\/li>\n\n\n\n<li><a href=\"https:\/\/unpaywall.org\/\" target=\"_blank\" rel=\"noreferrer noopener nofollow\">Unpaywall<\/a> &#8211; We harvest Open Access content from over 50,000 publishers and repositories, and make it easy to find, track, and use.<\/li>\n<\/ul>\n","protected":false},"excerpt":{"rendered":"<p>Indispens\u00e1veis Outras Ferramentas<\/p>\n","protected":false},"author":1,"featured_media":0,"parent":0,"menu_order":0,"comment_status":"closed","ping_status":"closed","template":"","meta":{"_crdt_document":"","site-sidebar-layout":"default","site-content-layout":"","ast-site-content-layout":"default","site-content-style":"default","site-sidebar-style":"default","ast-global-header-display":"","ast-banner-title-visibility":"","ast-main-header-display":"","ast-hfb-above-header-display":"","ast-hfb-below-header-display":"","ast-hfb-mobile-header-display":"","site-post-title":"","ast-breadcrumbs-content":"","ast-featured-img":"","footer-sml-layout":"","ast-disable-related-posts":"","theme-transparent-header-meta":"","adv-header-id-meta":"","stick-header-meta":"","header-above-stick-meta":"","header-main-stick-meta":"","header-below-stick-meta":"","astra-migrate-meta-layouts":"set","ast-page-background-enabled":"default","ast-page-background-meta":{"desktop":{"background-color":"","background-image":"","background-repeat":"repeat","background-position":"center center","background-size":"auto","background-attachment":"scroll","background-type":"","background-media":"","overlay-type":"","overlay-color":"","overlay-opacity":"","overlay-gradient":""},"tablet":{"background-color":"","background-image":"","background-repeat":"repeat","background-position":"center center","background-size":"auto","background-attachment":"scroll","background-type":"","background-media":"","overlay-type":"","overlay-color":"","overlay-opacity":"","overlay-gradient":""},"mobile":{"background-color":"","background-image":"","background-repeat":"repeat","background-position":"center center","background-size":"auto","background-attachment":"scroll","background-type":"","background-media":"","overlay-type":"","overlay-color":"","overlay-opacity":"","overlay-gradient":""}},"ast-content-background-meta":{"desktop":{"background-color":"var(--ast-global-color-5)","background-image":"","background-repeat":"repeat","background-position":"center center","background-size":"auto","background-attachment":"scroll","background-type":"","background-media":"","overlay-type":"","overlay-color":"","overlay-opacity":"","overlay-gradient":""},"tablet":{"background-color":"var(--ast-global-color-5)","background-image":"","background-repeat":"repeat","background-position":"center center","background-size":"auto","background-attachment":"scroll","background-type":"","background-media":"","overlay-type":"","overlay-color":"","overlay-opacity":"","overlay-gradient":""},"mobile":{"background-color":"var(--ast-global-color-5)","background-image":"","background-repeat":"repeat","background-position":"center center","background-size":"auto","background-attachment":"scroll","background-type":"","background-media":"","overlay-type":"","overlay-color":"","overlay-opacity":"","overlay-gradient":""}},"footnotes":""},"class_list":["post-3085","page","type-page","status-publish","hentry"],"_links":{"self":[{"href":"https:\/\/www.robertonovaes.com.br\/index.php\/wp-json\/wp\/v2\/pages\/3085","targetHints":{"allow":["GET"]}}],"collection":[{"href":"https:\/\/www.robertonovaes.com.br\/index.php\/wp-json\/wp\/v2\/pages"}],"about":[{"href":"https:\/\/www.robertonovaes.com.br\/index.php\/wp-json\/wp\/v2\/types\/page"}],"author":[{"embeddable":true,"href":"https:\/\/www.robertonovaes.com.br\/index.php\/wp-json\/wp\/v2\/users\/1"}],"replies":[{"embeddable":true,"href":"https:\/\/www.robertonovaes.com.br\/index.php\/wp-json\/wp\/v2\/comments?post=3085"}],"version-history":[{"count":30,"href":"https:\/\/www.robertonovaes.com.br\/index.php\/wp-json\/wp\/v2\/pages\/3085\/revisions"}],"predecessor-version":[{"id":3274,"href":"https:\/\/www.robertonovaes.com.br\/index.php\/wp-json\/wp\/v2\/pages\/3085\/revisions\/3274"}],"wp:attachment":[{"href":"https:\/\/www.robertonovaes.com.br\/index.php\/wp-json\/wp\/v2\/media?parent=3085"}],"curies":[{"name":"wp","href":"https:\/\/api.w.org\/{rel}","templated":true}]}}