{"id":3205,"date":"2025-07-06T19:27:19","date_gmt":"2025-07-06T22:27:19","guid":{"rendered":"https:\/\/www.robertonovaes.com.br\/?page_id=3205"},"modified":"2025-07-06T19:27:19","modified_gmt":"2025-07-06T22:27:19","slug":"laboratorio-de-tecnologias-publicas-para-o-setor-publico","status":"publish","type":"page","link":"https:\/\/www.robertonovaes.com.br\/index.php\/laboratorio-de-tecnologias-publicas-para-o-setor-publico\/","title":{"rendered":"Laborat\u00f3rio de Tecnologias P\u00fablicas para o Setor P\u00fablico"},"content":{"rendered":"\n<figure class=\"wp-block-image size-large\"><img loading=\"lazy\" decoding=\"async\" width=\"1024\" height=\"425\" src=\"https:\/\/www.robertonovaes.com.br\/wp-content\/uploads\/2025\/07\/Logotipo-PNG-sem-fundo-Design-LabP2-UFMG-cropped-1024x425.png\" alt=\"\" class=\"wp-image-3206\" srcset=\"https:\/\/www.robertonovaes.com.br\/wp-content\/uploads\/2025\/07\/Logotipo-PNG-sem-fundo-Design-LabP2-UFMG-cropped-1024x425.png 1024w, https:\/\/www.robertonovaes.com.br\/wp-content\/uploads\/2025\/07\/Logotipo-PNG-sem-fundo-Design-LabP2-UFMG-cropped-300x125.png 300w, https:\/\/www.robertonovaes.com.br\/wp-content\/uploads\/2025\/07\/Logotipo-PNG-sem-fundo-Design-LabP2-UFMG-cropped-768x319.png 768w, https:\/\/www.robertonovaes.com.br\/wp-content\/uploads\/2025\/07\/Logotipo-PNG-sem-fundo-Design-LabP2-UFMG-cropped-1536x638.png 1536w, https:\/\/www.robertonovaes.com.br\/wp-content\/uploads\/2025\/07\/Logotipo-PNG-sem-fundo-Design-LabP2-UFMG-cropped.png 1907w\" sizes=\"auto, (max-width: 1024px) 100vw, 1024px\" \/><\/figure>\n\n\n\n<h1 class=\"wp-block-heading\"><strong>O Estado e a Tecnologia: Uma Nova Forma de Ensinar e Aprender<\/strong><\/h1>\n\n\n\n<p class=\"wp-block-paragraph\">Conhe\u00e7a um projeto que une&nbsp;<strong>teoria e pr\u00e1tica&nbsp;<\/strong>, promove o&nbsp;<strong>di\u00e1logo entre \u00e1reas acad\u00eamicas&nbsp;<\/strong>, prepara os futuros profissionais para a realidade digital do Estado e incentiva a&nbsp;<strong>inova\u00e7\u00e3o tecnol\u00f3gica<\/strong>&nbsp;com foco no bem p\u00fablico.<\/p>\n\n\n\n<p class=\"wp-block-paragraph\"><a href=\"https:\/\/labp2.direito.ufmg.br\/\" target=\"_blank\" rel=\"noreferrer noopener\">Saiba Mais&#8230;<\/a><\/p>\n\n\n\n<p class=\"wp-block-paragraph\"><\/p>\n","protected":false},"excerpt":{"rendered":"<p>O Estado e a Tecnologia: Uma Nova Forma de Ensinar e Aprender Conhe\u00e7a um projeto que une&nbsp;teoria e pr\u00e1tica&nbsp;, promove o&nbsp;di\u00e1logo entre \u00e1reas acad\u00eamicas&nbsp;, prepara os futuros profissionais para a realidade digital do Estado e incentiva a&nbsp;inova\u00e7\u00e3o tecnol\u00f3gica&nbsp;com foco no bem p\u00fablico. Saiba Mais&#8230;<\/p>\n","protected":false},"author":1,"featured_media":0,"parent":0,"menu_order":0,"comment_status":"closed","ping_status":"closed","template":"","meta":{"_crdt_document":"","site-sidebar-layout":"default","site-content-layout":"","ast-site-content-layout":"default","site-content-style":"default","site-sidebar-style":"default","ast-global-header-display":"","ast-banner-title-visibility":"","ast-main-header-display":"","ast-hfb-above-header-display":"","ast-hfb-below-header-display":"","ast-hfb-mobile-header-display":"","site-post-title":"","ast-breadcrumbs-content":"","ast-featured-img":"","footer-sml-layout":"","ast-disable-related-posts":"","theme-transparent-header-meta":"","adv-header-id-meta":"","stick-header-meta":"","header-above-stick-meta":"","header-main-stick-meta":"","header-below-stick-meta":"","astra-migrate-meta-layouts":"set","ast-page-background-enabled":"default","ast-page-background-meta":{"desktop":{"background-color":"","background-image":"","background-repeat":"repeat","background-position":"center center","background-size":"auto","background-attachment":"scroll","background-type":"","background-media":"","overlay-type":"","overlay-color":"","overlay-opacity":"","overlay-gradient":""},"tablet":{"background-color":"","background-image":"","background-repeat":"repeat","background-position":"center center","background-size":"auto","background-attachment":"scroll","background-type":"","background-media":"","overlay-type":"","overlay-color":"","overlay-opacity":"","overlay-gradient":""},"mobile":{"background-color":"","background-image":"","background-repeat":"repeat","background-position":"center center","background-size":"auto","background-attachment":"scroll","background-type":"","background-media":"","overlay-type":"","overlay-color":"","overlay-opacity":"","overlay-gradient":""}},"ast-content-background-meta":{"desktop":{"background-color":"var(--ast-global-color-5)","background-image":"","background-repeat":"repeat","background-position":"center center","background-size":"auto","background-attachment":"scroll","background-type":"","background-media":"","overlay-type":"","overlay-color":"","overlay-opacity":"","overlay-gradient":""},"tablet":{"background-color":"var(--ast-global-color-5)","background-image":"","background-repeat":"repeat","background-position":"center center","background-size":"auto","background-attachment":"scroll","background-type":"","background-media":"","overlay-type":"","overlay-color":"","overlay-opacity":"","overlay-gradient":""},"mobile":{"background-color":"var(--ast-global-color-5)","background-image":"","background-repeat":"repeat","background-position":"center center","background-size":"auto","background-attachment":"scroll","background-type":"","background-media":"","overlay-type":"","overlay-color":"","overlay-opacity":"","overlay-gradient":""}},"footnotes":""},"class_list":["post-3205","page","type-page","status-publish","hentry"],"_links":{"self":[{"href":"https:\/\/www.robertonovaes.com.br\/index.php\/wp-json\/wp\/v2\/pages\/3205","targetHints":{"allow":["GET"]}}],"collection":[{"href":"https:\/\/www.robertonovaes.com.br\/index.php\/wp-json\/wp\/v2\/pages"}],"about":[{"href":"https:\/\/www.robertonovaes.com.br\/index.php\/wp-json\/wp\/v2\/types\/page"}],"author":[{"embeddable":true,"href":"https:\/\/www.robertonovaes.com.br\/index.php\/wp-json\/wp\/v2\/users\/1"}],"replies":[{"embeddable":true,"href":"https:\/\/www.robertonovaes.com.br\/index.php\/wp-json\/wp\/v2\/comments?post=3205"}],"version-history":[{"count":1,"href":"https:\/\/www.robertonovaes.com.br\/index.php\/wp-json\/wp\/v2\/pages\/3205\/revisions"}],"predecessor-version":[{"id":3207,"href":"https:\/\/www.robertonovaes.com.br\/index.php\/wp-json\/wp\/v2\/pages\/3205\/revisions\/3207"}],"wp:attachment":[{"href":"https:\/\/www.robertonovaes.com.br\/index.php\/wp-json\/wp\/v2\/media?parent=3205"}],"curies":[{"name":"wp","href":"https:\/\/api.w.org\/{rel}","templated":true}]}}