{"id":976,"date":"2018-11-24T20:24:35","date_gmt":"2018-11-24T22:24:35","guid":{"rendered":"https:\/\/www.robertonovaes.com.br\/?page_id=976"},"modified":"2021-11-09T10:39:21","modified_gmt":"2021-11-09T13:39:21","slug":"ti-humor","status":"publish","type":"page","link":"https:\/\/www.robertonovaes.com.br\/index.php\/ti-humor\/","title":{"rendered":"TI Humor"},"content":{"rendered":"\n<h2 class=\"wp-block-heading\" id=\"reflexoes-humoristicas-sobre-ti-ai-y-otras-cositas-mas\">Reflex\u00f5es humor\u00edsticas sobre TI, AI y otras cositas mas&#8230;<\/h2>\n\n\n\n<figure class=\"wp-block-image size-large\"><img loading=\"lazy\" decoding=\"async\" width=\"1024\" height=\"650\" src=\"https:\/\/www.robertonovaes.com.br\/wp-content\/uploads\/2020\/10\/terapia_algoritmo-1024x650.jpeg\" alt=\"\" class=\"wp-image-2382\" srcset=\"https:\/\/www.robertonovaes.com.br\/wp-content\/uploads\/2020\/10\/terapia_algoritmo-1024x650.jpeg 1024w, https:\/\/www.robertonovaes.com.br\/wp-content\/uploads\/2020\/10\/terapia_algoritmo-300x191.jpeg 300w, https:\/\/www.robertonovaes.com.br\/wp-content\/uploads\/2020\/10\/terapia_algoritmo-768x488.jpeg 768w, https:\/\/www.robertonovaes.com.br\/wp-content\/uploads\/2020\/10\/terapia_algoritmo.jpeg 1080w\" sizes=\"auto, (max-width: 1024px) 100vw, 1024px\" \/><figcaption>Terapia com Algoritmo<\/figcaption><\/figure>\n\n\n\n<figure class=\"wp-block-image size-full\"><img loading=\"lazy\" decoding=\"async\" width=\"1080\" height=\"351\" src=\"https:\/\/www.robertonovaes.com.br\/wp-content\/uploads\/2020\/07\/black_mirror.jpeg\" alt=\"\" class=\"wp-image-1917\" srcset=\"https:\/\/www.robertonovaes.com.br\/wp-content\/uploads\/2020\/07\/black_mirror.jpeg 1080w, https:\/\/www.robertonovaes.com.br\/wp-content\/uploads\/2020\/07\/black_mirror-300x98.jpeg 300w, https:\/\/www.robertonovaes.com.br\/wp-content\/uploads\/2020\/07\/black_mirror-1024x333.jpeg 1024w, https:\/\/www.robertonovaes.com.br\/wp-content\/uploads\/2020\/07\/black_mirror-768x250.jpeg 768w\" sizes=\"auto, (max-width: 1080px) 100vw, 1080px\" \/><figcaption>Black Mirror<\/figcaption><\/figure>\n\n\n\n<div class=\"wp-block-image\"><figure class=\"aligncenter size-large\"><img loading=\"lazy\" decoding=\"async\" width=\"540\" height=\"539\" src=\"https:\/\/www.robertonovaes.com.br\/wp-content\/uploads\/2020\/06\/pair_programming.jpeg\" alt=\"\" class=\"wp-image-1846\" srcset=\"https:\/\/www.robertonovaes.com.br\/wp-content\/uploads\/2020\/06\/pair_programming.jpeg 540w, https:\/\/www.robertonovaes.com.br\/wp-content\/uploads\/2020\/06\/pair_programming-300x300.jpeg 300w, https:\/\/www.robertonovaes.com.br\/wp-content\/uploads\/2020\/06\/pair_programming-150x150.jpeg 150w\" sizes=\"auto, (max-width: 540px) 100vw, 540px\" \/><figcaption>Pair Programming<\/figcaption><\/figure><\/div>\n\n\n\n<div class=\"wp-block-image\"><figure class=\"aligncenter size-large\"><img loading=\"lazy\" decoding=\"async\" width=\"819\" height=\"1024\" src=\"https:\/\/www.robertonovaes.com.br\/wp-content\/uploads\/2020\/06\/100_days_of_code-819x1024.jpeg\" alt=\"\" class=\"wp-image-1844\" srcset=\"https:\/\/www.robertonovaes.com.br\/wp-content\/uploads\/2020\/06\/100_days_of_code-819x1024.jpeg 819w, https:\/\/www.robertonovaes.com.br\/wp-content\/uploads\/2020\/06\/100_days_of_code-240x300.jpeg 240w, https:\/\/www.robertonovaes.com.br\/wp-content\/uploads\/2020\/06\/100_days_of_code-768x960.jpeg 768w, https:\/\/www.robertonovaes.com.br\/wp-content\/uploads\/2020\/06\/100_days_of_code.jpeg 1024w\" sizes=\"auto, (max-width: 819px) 100vw, 819px\" \/><figcaption>100 days of Code<\/figcaption><\/figure><\/div>\n\n\n\n<figure class=\"wp-block-image\"><img loading=\"lazy\" decoding=\"async\" width=\"1024\" height=\"768\" src=\"https:\/\/www.robertonovaes.com.br\/wp-content\/uploads\/2019\/04\/languagesptable-1024x768.png\" alt=\"\" class=\"wp-image-1221\" srcset=\"https:\/\/www.robertonovaes.com.br\/wp-content\/uploads\/2019\/04\/languagesptable.png 1024w, https:\/\/www.robertonovaes.com.br\/wp-content\/uploads\/2019\/04\/languagesptable-300x225.png 300w, https:\/\/www.robertonovaes.com.br\/wp-content\/uploads\/2019\/04\/languagesptable-768x576.png 768w\" sizes=\"auto, (max-width: 1024px) 100vw, 1024px\" \/><figcaption>Tabela Peri\u00f3dica das Linguagens de Programa\u00e7\u00e3o &#8211; 20190411 &#8211; Fonte: https:\/\/craftofcoding.wordpress.com\/2017\/01\/09\/my-periodic-table-of-programming-languages\/<\/figcaption><\/figure>\n\n\n\n<figure class=\"wp-block-image\"><img loading=\"lazy\" decoding=\"async\" width=\"1024\" height=\"1024\" src=\"https:\/\/www.robertonovaes.com.br\/wp-content\/uploads\/2019\/03\/leonardo-dicaprio-refuses-to-date-a-woman-over-25-1024x1024.png\" alt=\"\" class=\"wp-image-1157\" srcset=\"https:\/\/www.robertonovaes.com.br\/wp-content\/uploads\/2019\/03\/leonardo-dicaprio-refuses-to-date-a-woman-over-25-1024x1024.png 1024w, https:\/\/www.robertonovaes.com.br\/wp-content\/uploads\/2019\/03\/leonardo-dicaprio-refuses-to-date-a-woman-over-25-150x150.png 150w, https:\/\/www.robertonovaes.com.br\/wp-content\/uploads\/2019\/03\/leonardo-dicaprio-refuses-to-date-a-woman-over-25-300x300.png 300w, https:\/\/www.robertonovaes.com.br\/wp-content\/uploads\/2019\/03\/leonardo-dicaprio-refuses-to-date-a-woman-over-25-768x768.png 768w, https:\/\/www.robertonovaes.com.br\/wp-content\/uploads\/2019\/03\/leonardo-dicaprio-refuses-to-date-a-woman-over-25.png 1125w\" sizes=\"auto, (max-width: 1024px) 100vw, 1024px\" \/><figcaption>Data Science aplicada \u00e0 Leonardo Dicaprio &#8211; 20190311. Fonte: https:\/\/redd.it\/azjti7<\/figcaption><\/figure>\n\n\n\n<figure class=\"wp-block-image\"><img loading=\"lazy\" decoding=\"async\" width=\"839\" height=\"1024\" src=\"https:\/\/www.robertonovaes.com.br\/wp-content\/uploads\/2019\/02\/9f6c7872-8b94-4187-8444-ba9a0d0f5b18-839x1024.jpeg\" alt=\"\" class=\"wp-image-998\" srcset=\"https:\/\/www.robertonovaes.com.br\/wp-content\/uploads\/2019\/02\/9f6c7872-8b94-4187-8444-ba9a0d0f5b18-839x1024.jpeg 839w, https:\/\/www.robertonovaes.com.br\/wp-content\/uploads\/2019\/02\/9f6c7872-8b94-4187-8444-ba9a0d0f5b18-246x300.jpeg 246w, https:\/\/www.robertonovaes.com.br\/wp-content\/uploads\/2019\/02\/9f6c7872-8b94-4187-8444-ba9a0d0f5b18-768x937.jpeg 768w, https:\/\/www.robertonovaes.com.br\/wp-content\/uploads\/2019\/02\/9f6c7872-8b94-4187-8444-ba9a0d0f5b18.jpeg 912w\" sizes=\"auto, (max-width: 839px) 100vw, 839px\" \/><\/figure>\n\n\n\n<figure class=\"wp-block-image\"><img loading=\"lazy\" decoding=\"async\" width=\"900\" height=\"280\" src=\"https:\/\/www.robertonovaes.com.br\/wp-content\/uploads\/2018\/11\/dilbert_ai.jpeg\" alt=\"\" class=\"wp-image-975\" srcset=\"https:\/\/www.robertonovaes.com.br\/wp-content\/uploads\/2018\/11\/dilbert_ai.jpeg 900w, https:\/\/www.robertonovaes.com.br\/wp-content\/uploads\/2018\/11\/dilbert_ai-300x93.jpeg 300w, https:\/\/www.robertonovaes.com.br\/wp-content\/uploads\/2018\/11\/dilbert_ai-768x239.jpeg 768w\" sizes=\"auto, (max-width: 900px) 100vw, 900px\" \/><figcaption>We&#8217;ve developed an A.I. with such strong persuasion skills it can control human minds. 20181124<\/figcaption><\/figure>\n\n\n\n<figure class=\"wp-block-image\"><a href=\"https:\/\/www.technologyreview.com\/s\/612437\/what-is-machine-learning-we-drew-you-another-flowchart\/\" target=\"_blank\" rel=\"noreferrer noopener\"><img loading=\"lazy\" decoding=\"async\" width=\"2360\" height=\"1770\" src=\"https:\/\/www.robertonovaes.com.br\/wp-content\/uploads\/2018\/11\/what-is-machine-learning.jpg\" alt=\"\" class=\"wp-image-988\" srcset=\"https:\/\/www.robertonovaes.com.br\/wp-content\/uploads\/2018\/11\/what-is-machine-learning.jpg 2360w, https:\/\/www.robertonovaes.com.br\/wp-content\/uploads\/2018\/11\/what-is-machine-learning-300x225.jpg 300w, https:\/\/www.robertonovaes.com.br\/wp-content\/uploads\/2018\/11\/what-is-machine-learning-768x576.jpg 768w, https:\/\/www.robertonovaes.com.br\/wp-content\/uploads\/2018\/11\/what-is-machine-learning-1024x768.jpg 1024w\" sizes=\"auto, (max-width: 2360px) 100vw, 2360px\" \/><\/a><figcaption>What is machine learning &#8211; MIT Tech Review &#8211; 20181117<\/figcaption><\/figure>\n\n\n\n<figure class=\"wp-block-image\"><a href=\"https:\/\/www.technologyreview.com\/s\/612404\/is-this-ai-we-drew-you-a-flowchart-to-work-it-out\/\" target=\"_blank\" rel=\"noreferrer noopener\"><img loading=\"lazy\" decoding=\"async\" width=\"2000\" height=\"1400\" src=\"https:\/\/www.robertonovaes.com.br\/wp-content\/uploads\/2018\/11\/is-this-ai.jpg\" alt=\"\" class=\"wp-image-987\" srcset=\"https:\/\/www.robertonovaes.com.br\/wp-content\/uploads\/2018\/11\/is-this-ai.jpg 2000w, https:\/\/www.robertonovaes.com.br\/wp-content\/uploads\/2018\/11\/is-this-ai-300x210.jpg 300w, https:\/\/www.robertonovaes.com.br\/wp-content\/uploads\/2018\/11\/is-this-ai-768x538.jpg 768w, https:\/\/www.robertonovaes.com.br\/wp-content\/uploads\/2018\/11\/is-this-ai-1024x717.jpg 1024w\" sizes=\"auto, (max-width: 2000px) 100vw, 2000px\" \/><\/a><figcaption>Is this AI? MIT Tech Review Flowchart 20181110<\/figcaption><\/figure>\n\n\n\n<figure class=\"wp-block-image size-large\"><img loading=\"lazy\" decoding=\"async\" width=\"1024\" height=\"849\" src=\"https:\/\/www.robertonovaes.com.br\/wp-content\/uploads\/2021\/11\/yes_but-1024x849.png\" alt=\"\" class=\"wp-image-2511\" srcset=\"https:\/\/www.robertonovaes.com.br\/wp-content\/uploads\/2021\/11\/yes_but-1024x849.png 1024w, https:\/\/www.robertonovaes.com.br\/wp-content\/uploads\/2021\/11\/yes_but-300x249.png 300w, https:\/\/www.robertonovaes.com.br\/wp-content\/uploads\/2021\/11\/yes_but-768x636.png 768w, https:\/\/www.robertonovaes.com.br\/wp-content\/uploads\/2021\/11\/yes_but.png 1092w\" sizes=\"auto, (max-width: 1024px) 100vw, 1024px\" \/><figcaption>Yes, but&#8230;<\/figcaption><\/figure>\n","protected":false},"excerpt":{"rendered":"<p>Reflex\u00f5es humor\u00edsticas sobre TI, AI y otras cositas mas&#8230;<\/p>\n","protected":false},"author":1,"featured_media":0,"parent":0,"menu_order":0,"comment_status":"closed","ping_status":"closed","template":"","meta":{"_crdt_document":"","site-sidebar-layout":"default","site-content-layout":"default","ast-site-content-layout":"default","site-content-style":"default","site-sidebar-style":"default","ast-global-header-display":"","ast-banner-title-visibility":"","ast-main-header-display":"","ast-hfb-above-header-display":"","ast-hfb-below-header-display":"","ast-hfb-mobile-header-display":"","site-post-title":"","ast-breadcrumbs-content":"","ast-featured-img":"","footer-sml-layout":"","ast-disable-related-posts":"","theme-transparent-header-meta":"default","adv-header-id-meta":"","stick-header-meta":"","header-above-stick-meta":"","header-main-stick-meta":"","header-below-stick-meta":"","astra-migrate-meta-layouts":"default","ast-page-background-enabled":"default","ast-page-background-meta":{"desktop":{"background-color":"","background-image":"","background-repeat":"repeat","background-position":"center center","background-size":"auto","background-attachment":"scroll","background-type":"","background-media":"","overlay-type":"","overlay-color":"","overlay-opacity":"","overlay-gradient":""},"tablet":{"background-color":"","background-image":"","background-repeat":"repeat","background-position":"center center","background-size":"auto","background-attachment":"scroll","background-type":"","background-media":"","overlay-type":"","overlay-color":"","overlay-opacity":"","overlay-gradient":""},"mobile":{"background-color":"","background-image":"","background-repeat":"repeat","background-position":"center center","background-size":"auto","background-attachment":"scroll","background-type":"","background-media":"","overlay-type":"","overlay-color":"","overlay-opacity":"","overlay-gradient":""}},"ast-content-background-meta":{"desktop":{"background-color":"var(--ast-global-color-5)","background-image":"","background-repeat":"repeat","background-position":"center center","background-size":"auto","background-attachment":"scroll","background-type":"","background-media":"","overlay-type":"","overlay-color":"","overlay-opacity":"","overlay-gradient":""},"tablet":{"background-color":"var(--ast-global-color-5)","background-image":"","background-repeat":"repeat","background-position":"center center","background-size":"auto","background-attachment":"scroll","background-type":"","background-media":"","overlay-type":"","overlay-color":"","overlay-opacity":"","overlay-gradient":""},"mobile":{"background-color":"var(--ast-global-color-5)","background-image":"","background-repeat":"repeat","background-position":"center center","background-size":"auto","background-attachment":"scroll","background-type":"","background-media":"","overlay-type":"","overlay-color":"","overlay-opacity":"","overlay-gradient":""}},"footnotes":""},"class_list":["post-976","page","type-page","status-publish","hentry"],"_links":{"self":[{"href":"https:\/\/www.robertonovaes.com.br\/index.php\/wp-json\/wp\/v2\/pages\/976","targetHints":{"allow":["GET"]}}],"collection":[{"href":"https:\/\/www.robertonovaes.com.br\/index.php\/wp-json\/wp\/v2\/pages"}],"about":[{"href":"https:\/\/www.robertonovaes.com.br\/index.php\/wp-json\/wp\/v2\/types\/page"}],"author":[{"embeddable":true,"href":"https:\/\/www.robertonovaes.com.br\/index.php\/wp-json\/wp\/v2\/users\/1"}],"replies":[{"embeddable":true,"href":"https:\/\/www.robertonovaes.com.br\/index.php\/wp-json\/wp\/v2\/comments?post=976"}],"version-history":[{"count":16,"href":"https:\/\/www.robertonovaes.com.br\/index.php\/wp-json\/wp\/v2\/pages\/976\/revisions"}],"predecessor-version":[{"id":2513,"href":"https:\/\/www.robertonovaes.com.br\/index.php\/wp-json\/wp\/v2\/pages\/976\/revisions\/2513"}],"wp:attachment":[{"href":"https:\/\/www.robertonovaes.com.br\/index.php\/wp-json\/wp\/v2\/media?parent=976"}],"curies":[{"name":"wp","href":"https:\/\/api.w.org\/{rel}","templated":true}]}}